{"id":2835,"date":"2024-03-27T12:41:57","date_gmt":"2024-03-27T12:41:57","guid":{"rendered":"https:\/\/jartech.elblag.pl\/?post_type=product&#038;p=2835"},"modified":"2024-04-11T12:14:42","modified_gmt":"2024-04-11T12:14:42","slug":"zestaw-naprawczy-zaworu-on-off-pull-to-open-taj-premium","status":"publish","type":"product","link":"https:\/\/jartech.elblag.pl\/en\/product\/zestaw-naprawczy-zaworu-on-off-pull-to-open-taj-premium\/","title":{"rendered":"ON\/OFF Rebuild Kit, Pull To Open, TAJ"},"content":{"rendered":"","protected":false},"excerpt":{"rendered":"<p>Complete repair kit for regenerating ON\/OFF valves at the Tilt-A-Jet head.<\/p>\n<p>Do si\u0142ownik\u00f3w dwustronnego dzia\u0142ania (Pull To Open).<\/p>","protected":false},"featured_media":2836,"comment_status":"open","ping_status":"closed","template":"","meta":{"_acf_changed":false},"product_brand":[],"product_cat":[46],"product_tag":[],"class_list":{"0":"post-2835","1":"product","2":"type-product","3":"status-publish","4":"has-post-thumbnail","6":"product_cat-czesci-do-zaworow-on-off","8":"first","9":"instock","10":"shipping-taxable","11":"product-type-simple"},"acf":[],"_links":{"self":[{"href":"https:\/\/jartech.elblag.pl\/en\/wp-json\/wp\/v2\/product\/2835","targetHints":{"allow":["GET"]}}],"collection":[{"href":"https:\/\/jartech.elblag.pl\/en\/wp-json\/wp\/v2\/product"}],"about":[{"href":"https:\/\/jartech.elblag.pl\/en\/wp-json\/wp\/v2\/types\/product"}],"replies":[{"embeddable":true,"href":"https:\/\/jartech.elblag.pl\/en\/wp-json\/wp\/v2\/comments?post=2835"}],"wp:featuredmedia":[{"embeddable":true,"href":"https:\/\/jartech.elblag.pl\/en\/wp-json\/wp\/v2\/media\/2836"}],"wp:attachment":[{"href":"https:\/\/jartech.elblag.pl\/en\/wp-json\/wp\/v2\/media?parent=2835"}],"wp:term":[{"taxonomy":"product_brand","embeddable":true,"href":"https:\/\/jartech.elblag.pl\/en\/wp-json\/wp\/v2\/product_brand?post=2835"},{"taxonomy":"product_cat","embeddable":true,"href":"https:\/\/jartech.elblag.pl\/en\/wp-json\/wp\/v2\/product_cat?post=2835"},{"taxonomy":"product_tag","embeddable":true,"href":"https:\/\/jartech.elblag.pl\/en\/wp-json\/wp\/v2\/product_tag?post=2835"}],"curies":[{"name":"wp","href":"https:\/\/api.w.org\/{rel}","templated":true}]}}