{"id":664,"date":"2024-02-29T11:16:15","date_gmt":"2024-02-29T11:16:15","guid":{"rendered":"https:\/\/jartech.elblag.pl\/?page_id=664"},"modified":"2025-12-01T20:41:35","modified_gmt":"2025-12-01T20:41:35","slug":"aktualnosci","status":"publish","type":"page","link":"https:\/\/jartech.elblag.pl\/en\/aktualnosci\/","title":{"rendered":"News"},"content":{"rendered":"<div data-elementor-type=\"wp-page\" data-elementor-id=\"664\" class=\"elementor elementor-664\" data-elementor-post-type=\"page\">\n\t\t\t\t<div class=\"elementor-element elementor-element-c90f77c e-con-full e-flex wpr-particle-no wpr-jarallax-no wpr-parallax-no wpr-sticky-section-no e-con e-parent\" data-id=\"c90f77c\" data-element_type=\"container\" data-settings=\"{&quot;background_background&quot;:&quot;classic&quot;}\">\n\t\t\t\t<div class=\"elementor-element elementor-element-dde7c92 text-gradient elementor-invisible elementor-widget elementor-widget-heading\" data-id=\"dde7c92\" data-element_type=\"widget\" data-settings=\"{&quot;_animation&quot;:&quot;fadeInDown&quot;}\" data-widget_type=\"heading.default\">\n\t\t\t\t<div class=\"elementor-widget-container\">\n\t\t\t\t\t<p class=\"elementor-heading-title elementor-size-default\">Blog<\/p>\t\t\t\t<\/div>\n\t\t\t\t<\/div>\n\t\t\t\t<div class=\"elementor-element elementor-element-2da94c6 elementor-invisible elementor-widget elementor-widget-heading\" data-id=\"2da94c6\" data-element_type=\"widget\" data-settings=\"{&quot;_animation&quot;:&quot;fadeInDown&quot;}\" data-widget_type=\"heading.default\">\n\t\t\t\t<div class=\"elementor-widget-container\">\n\t\t\t\t\t<h2 class=\"elementor-heading-title elementor-size-default\">News<\/h2>\t\t\t\t<\/div>\n\t\t\t\t<\/div>\n\t\t\t\t<\/div>\n\t\t<div class=\"elementor-element elementor-element-f9b625f e-flex e-con-boxed wpr-particle-no wpr-jarallax-no wpr-parallax-no wpr-sticky-section-no e-con e-parent\" data-id=\"f9b625f\" data-element_type=\"container\" data-settings=\"{&quot;background_background&quot;:&quot;classic&quot;}\">\n\t\t\t\t\t<div class=\"e-con-inner\">\n\t\t\t\t<div class=\"elementor-element elementor-element-67225c6 elementor-invisible elementor-widget elementor-widget-woocommerce-breadcrumb\" data-id=\"67225c6\" data-element_type=\"widget\" data-settings=\"{&quot;_animation&quot;:&quot;fadeInDown&quot;}\" data-widget_type=\"woocommerce-breadcrumb.default\">\n\t\t\t\t<div class=\"elementor-widget-container\">\n\t\t\t\t\t<nav class=\"woocommerce-breadcrumb\" aria-label=\"Breadcrumb\" data-no-translation=\"\" data-trp-gettext=\"\">Home<\/nav>\t\t\t\t<\/div>\n\t\t\t\t<\/div>\n\t\t<div class=\"elementor-element elementor-element-6e50445 e-flex e-con-boxed wpr-particle-no wpr-jarallax-no wpr-parallax-no wpr-sticky-section-no e-con e-child\" data-id=\"6e50445\" data-element_type=\"container\">\n\t\t\t\t\t<div class=\"e-con-inner\">\n\t\t<div class=\"elementor-element elementor-element-63d023e e-con-full e-flex wpr-particle-no wpr-jarallax-no wpr-parallax-no wpr-sticky-section-no elementor-invisible e-con e-child\" data-id=\"63d023e\" data-element_type=\"container\" data-settings=\"{&quot;animation&quot;:&quot;fadeInLeft&quot;}\">\n\t\t\t\t<div class=\"elementor-element elementor-element-9cf0a12 elementor-widget elementor-widget-heading\" data-id=\"9cf0a12\" data-element_type=\"widget\" data-widget_type=\"heading.default\">\n\t\t\t\t<div class=\"elementor-widget-container\">\n\t\t\t\t\t<p class=\"elementor-heading-title elementor-size-default\">Blog<\/p>\t\t\t\t<\/div>\n\t\t\t\t<\/div>\n\t\t\t\t<div class=\"elementor-element elementor-element-1eb47fc elementor-widget elementor-widget-heading\" data-id=\"1eb47fc\" data-element_type=\"widget\" data-widget_type=\"heading.default\">\n\t\t\t\t<div class=\"elementor-widget-container\">\n\t\t\t\t\t<h2 class=\"elementor-heading-title elementor-size-default\">Knowledge base<\/h2>\t\t\t\t<\/div>\n\t\t\t\t<\/div>\n\t\t\t\t<\/div>\n\t\t\t\t\t<\/div>\n\t\t\t\t<\/div>\n\t\t\t\t<div class=\"elementor-element elementor-element-b186866 image-blog category-text-blog premium-blog-align-left elementor-invisible elementor-widget elementor-widget-premium-addon-blog\" data-id=\"b186866\" data-element_type=\"widget\" data-settings=\"{&quot;premium_blog_columns_number&quot;:&quot;33.33%&quot;,&quot;_animation&quot;:&quot;fadeInUp&quot;,&quot;premium_blog_grid&quot;:&quot;yes&quot;,&quot;premium_blog_layout&quot;:&quot;even&quot;,&quot;premium_blog_columns_number_tablet&quot;:&quot;50%&quot;,&quot;premium_blog_columns_number_mobile&quot;:&quot;100%&quot;,&quot;scroll_to_offset&quot;:&quot;yes&quot;}\" data-widget_type=\"premium-addon-blog.default\">\n\t\t\t\t<div class=\"elementor-widget-container\">\n\t\t\t\t\t\n\t\t\t\t<div class=\"premium-blog-wrap  premium-blog-even\" data-page=\"664\">\n\t\t\t\t\t<div class=\"premium-blog-post-outer-container\" data-total=\"1\">\n\t\t\t<div class=\"premium-blog-post-container premium-blog-skin-classic\">\n\t\t\t\t\t\t\t\t\t<div class=\"premium-blog-thumb-effect-wrapper\">\n\t\t\t\t\t\t<div class=\"premium-blog-thumbnail-container premium-blog-zoomin-effect\">\n\t\t\t\t\t\t\t<img fetchpriority=\"high\" decoding=\"async\" width=\"2560\" height=\"1707\" src=\"https:\/\/jartech.elblag.pl\/wp-content\/uploads\/2024\/03\/car-mechanic-with-spanners-scaled.jpg\" class=\"attachment-full size-full wp-image-2982\" alt=\"\" srcset=\"https:\/\/jartech.elblag.pl\/wp-content\/uploads\/2024\/03\/car-mechanic-with-spanners-scaled.jpg 2560w, https:\/\/jartech.elblag.pl\/wp-content\/uploads\/2024\/03\/car-mechanic-with-spanners-300x200.jpg 300w, https:\/\/jartech.elblag.pl\/wp-content\/uploads\/2024\/03\/car-mechanic-with-spanners-1024x683.jpg 1024w, https:\/\/jartech.elblag.pl\/wp-content\/uploads\/2024\/03\/car-mechanic-with-spanners-768x512.jpg 768w, https:\/\/jartech.elblag.pl\/wp-content\/uploads\/2024\/03\/car-mechanic-with-spanners-1536x1024.jpg 1536w, https:\/\/jartech.elblag.pl\/wp-content\/uploads\/2024\/03\/car-mechanic-with-spanners-2048x1365.jpg 2048w, https:\/\/jartech.elblag.pl\/wp-content\/uploads\/2024\/03\/car-mechanic-with-spanners-18x12.jpg 18w, https:\/\/jartech.elblag.pl\/wp-content\/uploads\/2024\/03\/car-mechanic-with-spanners-600x400.jpg 600w, https:\/\/jartech.elblag.pl\/wp-content\/uploads\/2024\/03\/car-mechanic-with-spanners-64x43.jpg 64w\" sizes=\"(max-width: 2560px) 100vw, 2560px\" \/>\t\t\t\t\t\t<\/div>\n\t\t\t\t\t\t\t\t\t\t\t\t\t<div class=\"premium-blog-thumbnail-overlay\">\n\t\t\t\t\t\t\t\t<a class=\"elementor-icon\" href=\"https:\/\/jartech.elblag.pl\/en\/2024\/03\/04\/ciecie-woda-zastosowanie-w-przemysle-maszynowym\/\" target=\"_blank\"><\/a>\n\t\t\t\t\t\t\t<\/div>\n\n\t\t\t\t\t\t\t\t\t\t\t\t\t\t\t\t\t\t<\/div>\n\t\t\t\t\t\t\t\t\t\t\t\t<div class=\"premium-blog-content-wrapper\">\n\n\t\t\t\t\t<div class=\"premium-blog-inner-container\">\n\n\t\t\t\t\t\t\t\t\t\t\t\t\t\t<h2 class=\"premium-blog-entry-title\">\n\t\t\t<a href=\"https:\/\/jartech.elblag.pl\/en\/2024\/03\/04\/ciecie-woda-zastosowanie-w-przemysle-maszynowym\/\" target=\"_blank\">\n\t\t\t\tTHE SERVICE IS NOT SLEEPING SO THAT SOMEONE CAN SLEEP PEACEFULLY\t\t\t<\/a>\n\t\t<\/h2>\n\t\t\t\t<div class=\"premium-blog-entry-meta\">\n\t\t\t\n\t\t\t\n\t\t\t\t\t\t\t<span class=\"premium-blog-meta-separator\">\u2022<\/span>\n\t\t\t\t<div class=\"premium-blog-post-categories premium-blog-meta-data\">\n\t\t\t\t\t<i class=\"fa fa-align-left fa-fw\" aria-hidden=\"true\"><\/i>\n\t\t\t\t\t<a href=\"https:\/\/jartech.elblag.pl\/en\/category\/przemysl-maszynowy\/\" rel=\"category tag\">Waterjet service<\/a>\t\t\t\t<\/div>\n\t\t\t\n\t\t\t\t\t<\/div>\n\t\t\n\t\t\t\t\t<\/div>\n\n\t\t\t\t\t\t\t<div class=\"premium-blog-content-inner-wrapper\">\n\t\t<p class=\"premium-blog-post-content\">Time passes and nothing lasts forever. Comparing this principle to the waterjet industry\u2026<\/p>\t\t<\/div>\n\t\t\t\t\t\t\t\n\t\t\t\t<\/div>\n\t\t\t<\/div>\n\t\t<\/div>\n\n\t\t\t\t<div class=\"premium-blog-post-outer-container\" data-total=\"1\">\n\t\t\t<div class=\"premium-blog-post-container premium-blog-skin-classic\">\n\t\t\t\t\t\t\t\t\t<div class=\"premium-blog-thumb-effect-wrapper\">\n\t\t\t\t\t\t<div class=\"premium-blog-thumbnail-container premium-blog-zoomin-effect\">\n\t\t\t\t\t\t\t<img decoding=\"async\" width=\"1111\" height=\"779\" src=\"https:\/\/jartech.elblag.pl\/wp-content\/uploads\/2024\/03\/Diamond-Guard-Filter-Thimble-Filter-Last-Chance-Filter-Witch-Hat-Filter-SSF.jpg\" class=\"attachment-full size-full wp-image-2984\" alt=\"\" srcset=\"https:\/\/jartech.elblag.pl\/wp-content\/uploads\/2024\/03\/Diamond-Guard-Filter-Thimble-Filter-Last-Chance-Filter-Witch-Hat-Filter-SSF.jpg 1111w, https:\/\/jartech.elblag.pl\/wp-content\/uploads\/2024\/03\/Diamond-Guard-Filter-Thimble-Filter-Last-Chance-Filter-Witch-Hat-Filter-SSF-300x210.jpg 300w, https:\/\/jartech.elblag.pl\/wp-content\/uploads\/2024\/03\/Diamond-Guard-Filter-Thimble-Filter-Last-Chance-Filter-Witch-Hat-Filter-SSF-1024x718.jpg 1024w, https:\/\/jartech.elblag.pl\/wp-content\/uploads\/2024\/03\/Diamond-Guard-Filter-Thimble-Filter-Last-Chance-Filter-Witch-Hat-Filter-SSF-768x538.jpg 768w, https:\/\/jartech.elblag.pl\/wp-content\/uploads\/2024\/03\/Diamond-Guard-Filter-Thimble-Filter-Last-Chance-Filter-Witch-Hat-Filter-SSF-18x12.jpg 18w, https:\/\/jartech.elblag.pl\/wp-content\/uploads\/2024\/03\/Diamond-Guard-Filter-Thimble-Filter-Last-Chance-Filter-Witch-Hat-Filter-SSF-600x421.jpg 600w, https:\/\/jartech.elblag.pl\/wp-content\/uploads\/2024\/03\/Diamond-Guard-Filter-Thimble-Filter-Last-Chance-Filter-Witch-Hat-Filter-SSF-64x45.jpg 64w\" sizes=\"(max-width: 1111px) 100vw, 1111px\" \/>\t\t\t\t\t\t<\/div>\n\t\t\t\t\t\t\t\t\t\t\t\t\t<div class=\"premium-blog-thumbnail-overlay\">\n\t\t\t\t\t\t\t\t<a class=\"elementor-icon\" href=\"https:\/\/jartech.elblag.pl\/en\/2024\/03\/04\/dlaczego-warto-uzywac-filtra-krotkiego-zatrzymania\/\" target=\"_blank\"><\/a>\n\t\t\t\t\t\t\t<\/div>\n\n\t\t\t\t\t\t\t\t\t\t\t\t\t\t\t\t\t\t<\/div>\n\t\t\t\t\t\t\t\t\t\t\t\t<div class=\"premium-blog-content-wrapper\">\n\n\t\t\t\t\t<div class=\"premium-blog-inner-container\">\n\n\t\t\t\t\t\t\t\t\t\t\t\t\t\t<h2 class=\"premium-blog-entry-title\">\n\t\t\t<a href=\"https:\/\/jartech.elblag.pl\/en\/2024\/03\/04\/dlaczego-warto-uzywac-filtra-krotkiego-zatrzymania\/\" target=\"_blank\">\n\t\t\t\tEVERYTHING YOU NEED TO KNOW ABOUT DIAMOND PROTECTION FILTER?\t\t\t<\/a>\n\t\t<\/h2>\n\t\t\t\t<div class=\"premium-blog-entry-meta\">\n\t\t\t\n\t\t\t\n\t\t\t\t\t\t\t<span class=\"premium-blog-meta-separator\">\u2022<\/span>\n\t\t\t\t<div class=\"premium-blog-post-categories premium-blog-meta-data\">\n\t\t\t\t\t<i class=\"fa fa-align-left fa-fw\" aria-hidden=\"true\"><\/i>\n\t\t\t\t\t<a href=\"https:\/\/jartech.elblag.pl\/en\/category\/uzytkowanie-maszyn\/\" rel=\"category tag\">Use of machines<\/a>\t\t\t\t<\/div>\n\t\t\t\n\t\t\t\t\t<\/div>\n\t\t\n\t\t\t\t\t<\/div>\n\n\t\t\t\t\t\t\t<div class=\"premium-blog-content-inner-wrapper\">\n\t\t<p class=\"premium-blog-post-content\">Diamond Protection Filter otherwise known as: SSF, Short Stop Filter, Diamond Guard Filter ...<\/p>\t\t<\/div>\n\t\t\t\t\t\t\t\n\t\t\t\t<\/div>\n\t\t\t<\/div>\n\t\t<\/div>\n\n\t\t\t\t<div class=\"premium-blog-post-outer-container\" data-total=\"1\">\n\t\t\t<div class=\"premium-blog-post-container premium-blog-skin-classic\">\n\t\t\t\t\t\t\t\t\t<div class=\"premium-blog-thumb-effect-wrapper\">\n\t\t\t\t\t\t<div class=\"premium-blog-thumbnail-container premium-blog-zoomin-effect\">\n\t\t\t\t\t\t\t<img decoding=\"async\" width=\"400\" height=\"437\" src=\"https:\/\/jartech.elblag.pl\/wp-content\/uploads\/2024\/03\/JARTECH-zasada-powstania-strugi-wodno-sciernej.jpg\" class=\"attachment-full size-full wp-image-3003\" alt=\"\" srcset=\"https:\/\/jartech.elblag.pl\/wp-content\/uploads\/2024\/03\/JARTECH-zasada-powstania-strugi-wodno-sciernej.jpg 400w, https:\/\/jartech.elblag.pl\/wp-content\/uploads\/2024\/03\/JARTECH-zasada-powstania-strugi-wodno-sciernej-275x300.jpg 275w, https:\/\/jartech.elblag.pl\/wp-content\/uploads\/2024\/03\/JARTECH-zasada-powstania-strugi-wodno-sciernej-11x12.jpg 11w, https:\/\/jartech.elblag.pl\/wp-content\/uploads\/2024\/03\/JARTECH-zasada-powstania-strugi-wodno-sciernej-300x328.jpg 300w, https:\/\/jartech.elblag.pl\/wp-content\/uploads\/2024\/03\/JARTECH-zasada-powstania-strugi-wodno-sciernej-64x70.jpg 64w\" sizes=\"(max-width: 400px) 100vw, 400px\" \/>\t\t\t\t\t\t<\/div>\n\t\t\t\t\t\t\t\t\t\t\t\t\t<div class=\"premium-blog-thumbnail-overlay\">\n\t\t\t\t\t\t\t\t<a class=\"elementor-icon\" href=\"https:\/\/jartech.elblag.pl\/en\/2024\/03\/04\/jak-odpowiednia-konserwacja-wplywa-na-jakosc-ciecia\/\" target=\"_blank\"><\/a>\n\t\t\t\t\t\t\t<\/div>\n\n\t\t\t\t\t\t\t\t\t\t\t\t\t\t\t\t\t\t<\/div>\n\t\t\t\t\t\t\t\t\t\t\t\t<div class=\"premium-blog-content-wrapper\">\n\n\t\t\t\t\t<div class=\"premium-blog-inner-container\">\n\n\t\t\t\t\t\t\t\t\t\t\t\t\t\t<h2 class=\"premium-blog-entry-title\">\n\t\t\t<a href=\"https:\/\/jartech.elblag.pl\/en\/2024\/03\/04\/jak-odpowiednia-konserwacja-wplywa-na-jakosc-ciecia\/\" target=\"_blank\">\n\t\t\t\tWHAT IS WATERJET?\t\t\t<\/a>\n\t\t<\/h2>\n\t\t\t\t<div class=\"premium-blog-entry-meta\">\n\t\t\t\n\t\t\t\n\t\t\t\t\t\t\t<span class=\"premium-blog-meta-separator\">\u2022<\/span>\n\t\t\t\t<div class=\"premium-blog-post-categories premium-blog-meta-data\">\n\t\t\t\t\t<i class=\"fa fa-align-left fa-fw\" aria-hidden=\"true\"><\/i>\n\t\t\t\t\t<a href=\"https:\/\/jartech.elblag.pl\/en\/category\/konserwacja\/\" rel=\"category tag\">Waterjet technology<\/a>\t\t\t\t<\/div>\n\t\t\t\n\t\t\t\t\t<\/div>\n\t\t\n\t\t\t\t\t<\/div>\n\n\t\t\t\t\t\t\t<div class=\"premium-blog-content-inner-wrapper\">\n\t\t<p class=\"premium-blog-post-content\">The term &quot;waterjet&quot; generally refers to the water cutting technology as well as the cutting machines themselves...<\/p>\t\t<\/div>\n\t\t\t\t\t\t\t\n\t\t\t\t<\/div>\n\t\t\t<\/div>\n\t\t<\/div>\n\n\t\t\t\t<\/div>\n\n\t\t\t\t\t\t<\/div>\n\t\t\t\t<\/div>\n\t\t\t\t\t<\/div>\n\t\t\t\t<\/div>\n\t\t\t\t<\/div>","protected":false},"excerpt":{"rendered":"<p>Blog Aktualno\u015bci Blog Baza wiedzy WYPRZEDA\u017b KRYZ DO G\u0141OWIC TN\u0104CYCH \u2022 Wyprzeda\u017c Kryz Uprzejmie informujemy \u017ce firma Jartech wprowadza promocj\u0119 na kryzy ( rubinowe lub szafirowe \u2026 SERWIS NIE \u015aPI, BY SPOKOJNIE SPA\u0106 M\u00d3G\u0141 KTO\u015a \u2022 Serwis waterjet Czas mija i nic nie trwa wiecznie. Przyr\u00f3wnuj\u0105c t\u0119 zasad\u0119 do bran\u017cy waterjet \u2026 WSZYSTKO CO MUSISZ WIEDZIE\u0106 O FILTRZE OCHRONY DIAMENTU? \u2022 U\u017cytkowanie maszyn Filtr Ochrony Diamentu inaczej znany jako: SSF, Short Stop Filter, Diamond Guard Filter \u2026 CO TO JEST WATERJET? \u2022 Technologia waterjet Terminem \u201ewaterjet\u201d najog\u00f3lniej okre\u015bla si\u0119 technologi\u0119 ci\u0119cia wod\u0105 jak i same maszyny tn\u0105ce \u2026<\/p>","protected":false},"author":4,"featured_media":0,"parent":0,"menu_order":0,"comment_status":"closed","ping_status":"closed","template":"elementor_header_footer","meta":{"_acf_changed":false,"footnotes":""},"class_list":["post-664","page","type-page","status-publish","hentry"],"acf":[],"_links":{"self":[{"href":"https:\/\/jartech.elblag.pl\/en\/wp-json\/wp\/v2\/pages\/664","targetHints":{"allow":["GET"]}}],"collection":[{"href":"https:\/\/jartech.elblag.pl\/en\/wp-json\/wp\/v2\/pages"}],"about":[{"href":"https:\/\/jartech.elblag.pl\/en\/wp-json\/wp\/v2\/types\/page"}],"author":[{"embeddable":true,"href":"https:\/\/jartech.elblag.pl\/en\/wp-json\/wp\/v2\/users\/4"}],"replies":[{"embeddable":true,"href":"https:\/\/jartech.elblag.pl\/en\/wp-json\/wp\/v2\/comments?post=664"}],"version-history":[{"count":62,"href":"https:\/\/jartech.elblag.pl\/en\/wp-json\/wp\/v2\/pages\/664\/revisions"}],"predecessor-version":[{"id":3653,"href":"https:\/\/jartech.elblag.pl\/en\/wp-json\/wp\/v2\/pages\/664\/revisions\/3653"}],"wp:attachment":[{"href":"https:\/\/jartech.elblag.pl\/en\/wp-json\/wp\/v2\/media?parent=664"}],"curies":[{"name":"wp","href":"https:\/\/api.w.org\/{rel}","templated":true}]}}