{"id":3,"date":"2024-02-23T11:46:02","date_gmt":"2024-02-23T11:46:02","guid":{"rendered":"https:\/\/jartech.elblag.pl\/?page_id=3"},"modified":"2024-03-12T13:58:25","modified_gmt":"2024-03-12T13:58:25","slug":"privacy-policy","status":"publish","type":"page","link":"https:\/\/jartech.elblag.pl\/en\/privacy-policy\/","title":{"rendered":"privacy policy"},"content":{"rendered":"<h2 class=\"wp-block-heading\">Who we are<\/h2>\n\n\n\n<p>Our website address is: https:\/\/www.srv46496.seohost.com.pl\/jartech.<\/p>\n\n\n\n<h2 class=\"wp-block-heading\">Comments<\/h2>\n\n\n\n<p>When visitors leave comments on the site we collect the data shown in the comments form, and also the IP address and browser user agent string to help spam detection.<\/p>\n\n\n\n<p>An anonymized string created from your email address (also called a hash) may be provided to the Gravatar service to see if you are using it. Gravatar&#039;s privacy policy is available here: https:\/\/automattic.com\/privacy\/. Once your comment is approved, your profile picture becomes publicly visible in the context of your comment.<\/p>\n\n\n\n<h2 class=\"wp-block-heading\">Media<\/h2>\n\n\n\n<p>If you upload images to the website, you should avoid uploading images with embedded location data (EXIF GPS). Visitors to the site can download and extract any location data from images on the site.<\/p>\n\n\n\n<h2 class=\"wp-block-heading\">Cookies<\/h2>\n\n\n\n<p>If you leave a comment on our site you may choose to save your name, email address and website in cookies. These are for your convenience so that you do not have to fill in your details again the next time you comment. These cookies will be valid for one year.<\/p>\n\n\n\n<p>If you visit our login page, we will set a temporary cookie to check whether your browser accepts cookies. This cookie does not contain any personal data and is deleted when you close your browser.<\/p>\n\n\n\n<p>When you log in, we will also set up several cookies to save your login information and your screen display choices. Login cookies are valid for two days and screen option cookies are valid for one year. If you check the &quot;Remember me&quot; option, your login will last for two weeks. If you log out of your account, your login cookies will be deleted.<\/p>\n\n\n\n<p>If you edit or publish an article, an additional cookie will be saved in your browser. This cookie contains no personal data and merely indicates the post ID of the last edited post. Expires after 1 day.<\/p>\n\n\n\n<h2 class=\"wp-block-heading\">Embedded content from other websites<\/h2>\n\n\n\n<p>Articles on this site may contain embedded content (e.g. videos, images, articles, etc.). Embedded content from other websites behaves in the exact same way as if the visitor has visited the other website.<\/p>\n\n\n\n<p>These websites may collect data about you, use cookies, embed additional third-party tracking, and monitor your interaction with that embedded content, including tracking your interaction with the embedded content if you have an account and are logged in to that website.<\/p>\n\n\n\n<h2 class=\"wp-block-heading\">Who we share your data with<\/h2>\n\n\n\n<p>If you request a password reset, your IP address will be included in the password reset email.<\/p>\n\n\n\n<h2 class=\"wp-block-heading\">How long we store your data<\/h2>\n\n\n\n<p>If you leave a comment, the comment and its metadata are permanently stored. This is so we can recognize and automatically approve any follow-up comments rather than holding them in a moderation queue.<\/p>\n\n\n\n<p>For users that register on our website (if any), we also store the personal information they provide in their user profile. All users can see, edit or delete their personal information at any time (except changing their username). Site administrators can also view and edit this information.<\/p>\n\n\n\n<h2 class=\"wp-block-heading\">What rights do you have to your data?<\/h2>\n\n\n\n<p>If you have an account on this site or have left comments, you can request to receive an exported file of the personal data we hold about you, including any information you have provided to us. You can also request that we delete any personal data we hold about you. This does not include data that we are obliged to keep for administrative, legal or security reasons.<\/p>\n\n\n\n<h2 class=\"wp-block-heading\">Where your data is transferred<\/h2>\n\n\n\n<p>Comments from visitors may be checked through an automated spam detection service.<\/p>","protected":false},"excerpt":{"rendered":"<p>Kim jeste\u015bmy Adres naszej strony internetowej to: https:\/\/www.srv46496.seohost.com.pl\/jartech. Komentarze Kiedy odwiedzaj\u0105cy zostawiaj\u0105 komentarze na stronie, zbieramy dane podane w formularzu komentarza, a tak\u017ce adres IP i ci\u0105g agenta u\u017cytkownika przegl\u0105darki, aby pom\u00f3c w wykrywaniu spamu. Anonimowy ci\u0105g utworzony na podstawie twojego adresu e-mail (nazywany r\u00f3wnie\u017c haszem) mo\u017ce by\u0107 przekazywany do us\u0142ugi Gravatar, aby sprawdzi\u0107, czy go u\u017cywasz. Polityka prywatno\u015bci us\u0142ugi Gravatar jest dost\u0119pna tutaj: https:\/\/automattic.com\/privacy\/. Po zatwierdzeniu komentarza twoje zdj\u0119cie profilowe staje si\u0119 widoczne publicznie w kontek\u015bcie komentarza. Media Je\u015bli przesy\u0142asz obrazy na stron\u0119 internetow\u0105, powiniene\u015b unika\u0107 przesy\u0142ania obraz\u00f3w z osadzonymi danymi lokalizacyjnymi (EXIF GPS). Odwiedzaj\u0105cy stron\u0119 mog\u0105 pobra\u0107 i wyci\u0105gn\u0105\u0107 wszelkie dane lokalizacyjne z obraz\u00f3w znajduj\u0105cych si\u0119 na stronie. Ciasteczka Je\u015bli zostawiasz komentarz na naszej stronie, mo\u017cesz zdecydowa\u0107 si\u0119 zapisa\u0107 swoje imi\u0119, adres e-mail i stron\u0119 internetow\u0105 w plikach cookie. S\u0105 one dla Twojej wygody, aby\u015b nie musia\u0142 ponownie wpisywa\u0107 swoich danych przy kolejnym komentarzu. Te pliki cookie b\u0119d\u0105 wa\u017cne przez rok. Je\u015bli odwiedzisz nasz\u0105 stron\u0119 logowania, ustawimy tymczasowe cookie, aby sprawdzi\u0107, czy Twoja przegl\u0105darka akceptuje pliki cookie. To cookie nie zawiera \u017cadnych danych osobowych i jest usuwane po zamkni\u0119ciu przegl\u0105darki. Po zalogowaniu ustawimy r\u00f3wnie\u017c kilka plik\u00f3w cookie, aby zapisa\u0107 informacje dotycz\u0105ce Twojego logowania i wybory ekranu. Pliki cookie logowania s\u0105 wa\u017cne przez dwa dni, a pliki cookie opcji ekranu s\u0105 wa\u017cne przez rok. Je\u015bli zaznaczysz opcj\u0119 &#8222;Zapami\u0119taj mnie&#8221;, Twoje logowanie b\u0119dzie trwa\u0107 przez dwa tygodnie. Je\u015bli wylogujesz si\u0119 z konta, pliki cookie logowania zostan\u0105 usuni\u0119te. Je\u015bli edytujesz lub publikujesz artyku\u0142, zostanie zapisane dodatkowe cookie w Twojej przegl\u0105darce. To cookie nie zawiera \u017cadnych danych osobowych i jedynie wskazuje identyfikator posta ostatnio edytowanego. Wygasa po 1 dniu. Osadzone tre\u015bci z innych stron internetowych Artyku\u0142y na tej stronie mog\u0105 zawiera\u0107 osadzone tre\u015bci (np. wideo, obrazy, artyku\u0142y itp.). Osadzone tre\u015bci z innych stron internetowych zachowuj\u0105 si\u0119 dok\u0142adnie tak samo, jakby odwiedzaj\u0105cy odwiedzili t\u0119 inne witryn\u0119. Te strony mog\u0105 zbiera\u0107 dane o Tobie, u\u017cywa\u0107 plik\u00f3w cookie, osadza\u0107 dodatkowe \u015bledzenie stron trzecich i monitorowa\u0107 Twoj\u0105 interakcj\u0119 z osadzon\u0105 tre\u015bci\u0105, w tym \u015bledzenie Twojej interakcji z osadzon\u0105 tre\u015bci\u0105, je\u015bli masz konto i jeste\u015b zalogowany na tej stronie. Z kim dzielimy Twoje dane Je\u015bli \u017c\u0105dasz zresetowania has\u0142a, Tw\u00f3j adres IP zostanie uwzgl\u0119dniony w wiadomo\u015bci e-mail zwi\u0105zanej z resetowaniem has\u0142a. Jak d\u0142ugo przechowujemy Twoje dane Je\u015bli zostawisz komentarz, komentarz i jego metadane s\u0105 przechowywane na sta\u0142e. Dzieje si\u0119 tak, aby\u015bmy mogli rozpozna\u0107 i automatycznie zatwierdza\u0107 wszelkie nast\u0119puj\u0105ce po nim komentarze, zamiast trzyma\u0107 je w kolejce moderacyjnej. Dla u\u017cytkownik\u00f3w, kt\u00f3rzy zarejestrowali si\u0119 na naszej stronie (je\u015bli tacy s\u0105), przechowujemy r\u00f3wnie\u017c informacje osobiste podane w ich profilu u\u017cytkownika. Wszyscy u\u017cytkownicy mog\u0105 w dowolnym momencie zobaczy\u0107, edytowa\u0107 lub usun\u0105\u0107 swoje dane osobowe (opr\u00f3cz zmiany nazwy u\u017cytkownika). Administratorzy strony tak\u017ce mog\u0105 przegl\u0105da\u0107 i edytowa\u0107 te informacje. Jakie masz prawa do swoich danych Je\u015bli masz konto na tej stronie lub zostawi\u0142e\u015b komentarze, mo\u017cesz poprosi\u0107 o otrzymanie pliku z eksportem danych osobowych, kt\u00f3re o Tobie posiadamy, w tym wszelkich informacji, kt\u00f3re nam przekaza\u0142e\u015b. Mo\u017cesz tak\u017ce poprosi\u0107 o usuni\u0119cie wszelkich danych osobowych, kt\u00f3re o Tobie posiadamy. Nie obejmuje to danych, kt\u00f3re jeste\u015bmy zobowi\u0105zani przechowywa\u0107 ze wzgl\u0119d\u00f3w administracyjnych, prawnych lub bezpiecze\u0144stwa. Gdzie s\u0105 przesy\u0142ane Twoje dane Komentarze od odwiedzaj\u0105cych mog\u0105 by\u0107 sprawdzane za pomoc\u0105 zautomatyzowanej us\u0142ugi wykrywania spamu.<\/p>","protected":false},"author":1,"featured_media":0,"parent":0,"menu_order":0,"comment_status":"closed","ping_status":"open","template":"","meta":{"_acf_changed":false,"footnotes":""},"class_list":["post-3","page","type-page","status-publish","hentry"],"acf":[],"_links":{"self":[{"href":"https:\/\/jartech.elblag.pl\/en\/wp-json\/wp\/v2\/pages\/3","targetHints":{"allow":["GET"]}}],"collection":[{"href":"https:\/\/jartech.elblag.pl\/en\/wp-json\/wp\/v2\/pages"}],"about":[{"href":"https:\/\/jartech.elblag.pl\/en\/wp-json\/wp\/v2\/types\/page"}],"author":[{"embeddable":true,"href":"https:\/\/jartech.elblag.pl\/en\/wp-json\/wp\/v2\/users\/1"}],"replies":[{"embeddable":true,"href":"https:\/\/jartech.elblag.pl\/en\/wp-json\/wp\/v2\/comments?post=3"}],"version-history":[{"count":1,"href":"https:\/\/jartech.elblag.pl\/en\/wp-json\/wp\/v2\/pages\/3\/revisions"}],"predecessor-version":[{"id":2090,"href":"https:\/\/jartech.elblag.pl\/en\/wp-json\/wp\/v2\/pages\/3\/revisions\/2090"}],"wp:attachment":[{"href":"https:\/\/jartech.elblag.pl\/en\/wp-json\/wp\/v2\/media?parent=3"}],"curies":[{"name":"wp","href":"https:\/\/api.w.org\/{rel}","templated":true}]}}