{"id":1261,"date":"2024-03-06T02:18:52","date_gmt":"2024-03-06T02:18:52","guid":{"rendered":"https:\/\/jartech.elblag.pl\/?page_id=1261"},"modified":"2024-04-17T11:26:06","modified_gmt":"2024-04-17T11:26:06","slug":"pliki-do-pobrania","status":"publish","type":"page","link":"https:\/\/jartech.elblag.pl\/en\/serwis-i-wsparcie\/pliki-do-pobrania\/","title":{"rendered":"Files to download"},"content":{"rendered":"<div data-elementor-type=\"wp-page\" data-elementor-id=\"1261\" class=\"elementor elementor-1261\" data-elementor-post-type=\"page\">\n\t\t\t\t<div class=\"elementor-element elementor-element-94e4cfe e-con-full e-flex wpr-particle-no wpr-jarallax-no wpr-parallax-no wpr-sticky-section-no e-con e-parent\" data-id=\"94e4cfe\" data-element_type=\"container\" data-settings=\"{&quot;background_background&quot;:&quot;classic&quot;}\">\n\t\t\t\t<div class=\"elementor-element elementor-element-4b5f02f elementor-invisible elementor-widget elementor-widget-heading\" data-id=\"4b5f02f\" data-element_type=\"widget\" data-settings=\"{&quot;_animation&quot;:&quot;fadeInLeft&quot;}\" data-widget_type=\"heading.default\">\n\t\t\t\t<div class=\"elementor-widget-container\">\n\t\t\t\t\t<h2 class=\"elementor-heading-title elementor-size-default\">Files to download<\/h2>\t\t\t\t<\/div>\n\t\t\t\t<\/div>\n\t\t\t\t<div class=\"elementor-element elementor-element-7e689dc elementor-invisible elementor-widget elementor-widget-text-editor\" data-id=\"7e689dc\" data-element_type=\"widget\" data-settings=\"{&quot;_animation&quot;:&quot;fadeInLeft&quot;}\" data-widget_type=\"text-editor.default\">\n\t\t\t\t<div class=\"elementor-widget-container\">\n\t\t\t\t\t\t\t\t\t<p>Find the information and documentation you need.<\/p>\t\t\t\t\t\t\t\t<\/div>\n\t\t\t\t<\/div>\n\t\t\t\t<\/div>\n\t\t<div class=\"elementor-element elementor-element-d5f5f1e e-flex e-con-boxed wpr-particle-no wpr-jarallax-no wpr-parallax-no wpr-sticky-section-no e-con e-parent\" data-id=\"d5f5f1e\" data-element_type=\"container\" data-settings=\"{&quot;background_background&quot;:&quot;classic&quot;}\">\n\t\t\t\t\t<div class=\"e-con-inner\">\n\t\t\t\t<div class=\"elementor-element elementor-element-baf8793 elementor-invisible elementor-widget elementor-widget-woocommerce-breadcrumb\" data-id=\"baf8793\" data-element_type=\"widget\" data-settings=\"{&quot;_animation&quot;:&quot;fadeInDown&quot;}\" data-widget_type=\"woocommerce-breadcrumb.default\">\n\t\t\t\t<div class=\"elementor-widget-container\">\n\t\t\t\t\t<nav class=\"woocommerce-breadcrumb\" aria-label=\"Breadcrumb\" data-no-translation=\"\" data-trp-gettext=\"\">Home<\/nav>\t\t\t\t<\/div>\n\t\t\t\t<\/div>\n\t\t<div class=\"elementor-element elementor-element-33468b3 e-flex e-con-boxed wpr-particle-no wpr-jarallax-no wpr-parallax-no wpr-sticky-section-no e-con e-child\" data-id=\"33468b3\" data-element_type=\"container\">\n\t\t\t\t\t<div class=\"e-con-inner\">\n\t\t<div class=\"elementor-element elementor-element-d02dfc6 e-con-full e-flex wpr-particle-no wpr-jarallax-no wpr-parallax-no wpr-sticky-section-no elementor-invisible e-con e-child\" data-id=\"d02dfc6\" data-element_type=\"container\" data-settings=\"{&quot;animation&quot;:&quot;fadeInLeft&quot;}\">\n\t\t\t\t<div class=\"elementor-element elementor-element-4539cb4 text-gradient elementor-widget elementor-widget-heading\" data-id=\"4539cb4\" data-element_type=\"widget\" data-widget_type=\"heading.default\">\n\t\t\t\t<div class=\"elementor-widget-container\">\n\t\t\t\t\t<p class=\"elementor-heading-title elementor-size-default\">Important data<\/p>\t\t\t\t<\/div>\n\t\t\t\t<\/div>\n\t\t\t\t<div class=\"elementor-element elementor-element-9e34921 elementor-widget elementor-widget-heading\" data-id=\"9e34921\" data-element_type=\"widget\" data-widget_type=\"heading.default\">\n\t\t\t\t<div class=\"elementor-widget-container\">\n\t\t\t\t\t<h2 class=\"elementor-heading-title elementor-size-default\">Files to download<\/h2>\t\t\t\t<\/div>\n\t\t\t\t<\/div>\n\t\t\t\t<div class=\"elementor-element elementor-element-e86d878 elementor-widget elementor-widget-text-editor\" data-id=\"e86d878\" data-element_type=\"widget\" data-widget_type=\"text-editor.default\">\n\t\t\t\t<div class=\"elementor-widget-container\">\n\t\t\t\t\t\t\t\t\t<p>View user manuals, product catalogs and downloadable guides.<\/p>\t\t\t\t\t\t\t\t<\/div>\n\t\t\t\t<\/div>\n\t\t\t\t<\/div>\n\t\t\t\t\t<\/div>\n\t\t\t\t<\/div>\n\t\t<div class=\"elementor-element elementor-element-e77ffa7 e-flex e-con-boxed wpr-particle-no wpr-jarallax-no wpr-parallax-no wpr-sticky-section-no e-con e-child\" data-id=\"e77ffa7\" data-element_type=\"container\">\n\t\t\t\t\t<div class=\"e-con-inner\">\n\t\t<a class=\"elementor-element elementor-element-6a4ab62 e-flex e-con-boxed wpr-particle-no wpr-jarallax-no wpr-parallax-no wpr-sticky-section-no elementor-invisible e-con e-child\" data-id=\"6a4ab62\" data-element_type=\"container\" data-settings=\"{&quot;background_background&quot;:&quot;classic&quot;,&quot;animation&quot;:&quot;fadeInUp&quot;}\" href=\"https:\/\/jartech.elblag.pl\/wp-content\/uploads\/2024\/04\/Miaoke-spare-parts-catalog-20221219.pdf\" download=\"Jartech katalog cz\u0119\u015bci zamiennych\">\n\t\t\t\t\t<div class=\"e-con-inner\">\n\t\t<div class=\"elementor-element elementor-element-a9d43cf e-flex e-con-boxed wpr-particle-no wpr-jarallax-no wpr-parallax-no wpr-sticky-section-no e-con e-child\" data-id=\"a9d43cf\" data-element_type=\"container\">\n\t\t\t\t\t<div class=\"e-con-inner\">\n\t\t\t\t<div class=\"elementor-element elementor-element-75fcc7f elementor-widget elementor-widget-image\" data-id=\"75fcc7f\" data-element_type=\"widget\" data-widget_type=\"image.default\">\n\t\t\t\t<div class=\"elementor-widget-container\">\n\t\t\t\t\t\t\t\t\t\t\t\t\t\t\t<img fetchpriority=\"high\" decoding=\"async\" width=\"1011\" height=\"642\" src=\"https:\/\/jartech.elblag.pl\/wp-content\/uploads\/2024\/03\/JARTECH_czesci_waterjet.png\" class=\"attachment-full size-full wp-image-2676\" alt=\"\" srcset=\"https:\/\/jartech.elblag.pl\/wp-content\/uploads\/2024\/03\/JARTECH_czesci_waterjet.png 1011w, https:\/\/jartech.elblag.pl\/wp-content\/uploads\/2024\/03\/JARTECH_czesci_waterjet-300x191.png 300w, https:\/\/jartech.elblag.pl\/wp-content\/uploads\/2024\/03\/JARTECH_czesci_waterjet-600x381.png 600w, https:\/\/jartech.elblag.pl\/wp-content\/uploads\/2024\/03\/JARTECH_czesci_waterjet-64x41.png 64w, https:\/\/jartech.elblag.pl\/wp-content\/uploads\/2024\/03\/JARTECH_czesci_waterjet-768x488.png 768w\" sizes=\"(max-width: 1011px) 100vw, 1011px\" \/>\t\t\t\t\t\t\t\t\t\t\t\t\t\t\t<\/div>\n\t\t\t\t<\/div>\n\t\t\t\t<div class=\"elementor-element elementor-element-5d69665 elementor-absolute elementor-widget elementor-widget-image\" data-id=\"5d69665\" data-element_type=\"widget\" data-settings=\"{&quot;_position&quot;:&quot;absolute&quot;}\" data-widget_type=\"image.default\">\n\t\t\t\t<div class=\"elementor-widget-container\">\n\t\t\t\t\t\t\t\t\t\t\t\t\t\t\t<img decoding=\"async\" width=\"221\" height=\"47\" src=\"https:\/\/jartech.elblag.pl\/wp-content\/uploads\/2024\/03\/logo-pliki-do-pobrania-1.webp\" class=\"attachment-full size-full wp-image-1306\" alt=\"\" srcset=\"https:\/\/jartech.elblag.pl\/wp-content\/uploads\/2024\/03\/logo-pliki-do-pobrania-1.webp 221w, https:\/\/jartech.elblag.pl\/wp-content\/uploads\/2024\/03\/logo-pliki-do-pobrania-1-64x14.webp 64w\" sizes=\"(max-width: 221px) 100vw, 221px\" \/>\t\t\t\t\t\t\t\t\t\t\t\t\t\t\t<\/div>\n\t\t\t\t<\/div>\n\t\t\t\t<div class=\"elementor-element elementor-element-004e775 elementor-absolute elementor-widget elementor-widget-image\" data-id=\"004e775\" data-element_type=\"widget\" data-settings=\"{&quot;_position&quot;:&quot;absolute&quot;}\" data-widget_type=\"image.default\">\n\t\t\t\t<div class=\"elementor-widget-container\">\n\t\t\t\t\t\t\t\t\t\t\t\t\t\t\t<img decoding=\"async\" width=\"150\" height=\"126\" src=\"https:\/\/jartech.elblag.pl\/wp-content\/uploads\/2024\/03\/decoration-pliki-do-pobrania.webp\" class=\"attachment-full size-full wp-image-1304\" alt=\"\" srcset=\"https:\/\/jartech.elblag.pl\/wp-content\/uploads\/2024\/03\/decoration-pliki-do-pobrania.webp 150w, https:\/\/jartech.elblag.pl\/wp-content\/uploads\/2024\/03\/decoration-pliki-do-pobrania-64x54.webp 64w\" sizes=\"(max-width: 150px) 100vw, 150px\" \/>\t\t\t\t\t\t\t\t\t\t\t\t\t\t\t<\/div>\n\t\t\t\t<\/div>\n\t\t\t\t\t<\/div>\n\t\t\t\t<\/div>\n\t\t<div class=\"elementor-element elementor-element-af938d6 e-flex e-con-boxed wpr-particle-no wpr-jarallax-no wpr-parallax-no wpr-sticky-section-no e-con e-child\" data-id=\"af938d6\" data-element_type=\"container\">\n\t\t\t\t\t<div class=\"e-con-inner\">\n\t\t\t\t<div class=\"elementor-element elementor-element-244277f text-gradient elementor-widget elementor-widget-heading\" data-id=\"244277f\" data-element_type=\"widget\" data-widget_type=\"heading.default\">\n\t\t\t\t<div class=\"elementor-widget-container\">\n\t\t\t\t\t<p class=\"elementor-heading-title elementor-size-default\">Download Catalog<\/p>\t\t\t\t<\/div>\n\t\t\t\t<\/div>\n\t\t\t\t<div class=\"elementor-element elementor-element-502bcb1 elementor-widget elementor-widget-heading\" data-id=\"502bcb1\" data-element_type=\"widget\" data-widget_type=\"heading.default\">\n\t\t\t\t<div class=\"elementor-widget-container\">\n\t\t\t\t\t<h2 class=\"elementor-heading-title elementor-size-default\">Spare parts <\/h2>\t\t\t\t<\/div>\n\t\t\t\t<\/div>\n\t\t\t\t\t<\/div>\n\t\t\t\t<\/div>\n\t\t\t\t\t<\/div>\n\t\t\t\t<\/a>\n\t\t<a class=\"elementor-element elementor-element-2cdb524 e-flex e-con-boxed wpr-particle-no wpr-jarallax-no wpr-parallax-no wpr-sticky-section-no elementor-invisible e-con e-child\" data-id=\"2cdb524\" data-element_type=\"container\" data-settings=\"{&quot;background_background&quot;:&quot;classic&quot;,&quot;animation&quot;:&quot;fadeInUp&quot;,&quot;animation_delay&quot;:400}\" href=\"https:\/\/jartech.elblag.pl\/wp-content\/uploads\/2024\/04\/Waterjet-Orifices-Diamond-Cutting-Heads-Miaoke-Precision-20211027.pdf\" download=\"Jartech g\u0142owice i kryzy katalog\">\n\t\t\t\t\t<div class=\"e-con-inner\">\n\t\t<div class=\"elementor-element elementor-element-0c06244 e-flex e-con-boxed wpr-particle-no wpr-jarallax-no wpr-parallax-no wpr-sticky-section-no e-con e-child\" data-id=\"0c06244\" data-element_type=\"container\">\n\t\t\t\t\t<div class=\"e-con-inner\">\n\t\t\t\t<div class=\"elementor-element elementor-element-b39c617 elementor-widget elementor-widget-image\" data-id=\"b39c617\" data-element_type=\"widget\" data-widget_type=\"image.default\">\n\t\t\t\t<div class=\"elementor-widget-container\">\n\t\t\t\t\t\t\t\t\t\t\t\t\t\t\t<img loading=\"lazy\" decoding=\"async\" width=\"4892\" height=\"2637\" src=\"https:\/\/jartech.elblag.pl\/wp-content\/uploads\/2024\/04\/diamond-cutting-heads.png\" class=\"attachment-full size-full wp-image-3584\" alt=\"\" srcset=\"https:\/\/jartech.elblag.pl\/wp-content\/uploads\/2024\/04\/diamond-cutting-heads.png 4892w, https:\/\/jartech.elblag.pl\/wp-content\/uploads\/2024\/04\/diamond-cutting-heads-300x162.png 300w, https:\/\/jartech.elblag.pl\/wp-content\/uploads\/2024\/04\/diamond-cutting-heads-1024x552.png 1024w, https:\/\/jartech.elblag.pl\/wp-content\/uploads\/2024\/04\/diamond-cutting-heads-768x414.png 768w, https:\/\/jartech.elblag.pl\/wp-content\/uploads\/2024\/04\/diamond-cutting-heads-1536x828.png 1536w, https:\/\/jartech.elblag.pl\/wp-content\/uploads\/2024\/04\/diamond-cutting-heads-2048x1104.png 2048w, https:\/\/jartech.elblag.pl\/wp-content\/uploads\/2024\/04\/diamond-cutting-heads-18x10.png 18w, https:\/\/jartech.elblag.pl\/wp-content\/uploads\/2024\/04\/diamond-cutting-heads-600x323.png 600w, https:\/\/jartech.elblag.pl\/wp-content\/uploads\/2024\/04\/diamond-cutting-heads-64x34.png 64w\" sizes=\"(max-width: 4892px) 100vw, 4892px\" \/>\t\t\t\t\t\t\t\t\t\t\t\t\t\t\t<\/div>\n\t\t\t\t<\/div>\n\t\t\t\t<div class=\"elementor-element elementor-element-7a3f618 elementor-absolute elementor-widget elementor-widget-image\" data-id=\"7a3f618\" data-element_type=\"widget\" data-settings=\"{&quot;_position&quot;:&quot;absolute&quot;}\" data-widget_type=\"image.default\">\n\t\t\t\t<div class=\"elementor-widget-container\">\n\t\t\t\t\t\t\t\t\t\t\t\t\t\t\t<img decoding=\"async\" width=\"221\" height=\"47\" src=\"https:\/\/jartech.elblag.pl\/wp-content\/uploads\/2024\/03\/logo-pliki-do-pobrania-1.webp\" class=\"attachment-full size-full wp-image-1306\" alt=\"\" srcset=\"https:\/\/jartech.elblag.pl\/wp-content\/uploads\/2024\/03\/logo-pliki-do-pobrania-1.webp 221w, https:\/\/jartech.elblag.pl\/wp-content\/uploads\/2024\/03\/logo-pliki-do-pobrania-1-64x14.webp 64w\" sizes=\"(max-width: 221px) 100vw, 221px\" \/>\t\t\t\t\t\t\t\t\t\t\t\t\t\t\t<\/div>\n\t\t\t\t<\/div>\n\t\t\t\t<div class=\"elementor-element elementor-element-b305f2f elementor-absolute elementor-widget elementor-widget-image\" data-id=\"b305f2f\" data-element_type=\"widget\" data-settings=\"{&quot;_position&quot;:&quot;absolute&quot;}\" data-widget_type=\"image.default\">\n\t\t\t\t<div class=\"elementor-widget-container\">\n\t\t\t\t\t\t\t\t\t\t\t\t\t\t\t<img decoding=\"async\" width=\"150\" height=\"126\" src=\"https:\/\/jartech.elblag.pl\/wp-content\/uploads\/2024\/03\/decoration-pliki-do-pobrania.webp\" class=\"attachment-full size-full wp-image-1304\" alt=\"\" srcset=\"https:\/\/jartech.elblag.pl\/wp-content\/uploads\/2024\/03\/decoration-pliki-do-pobrania.webp 150w, https:\/\/jartech.elblag.pl\/wp-content\/uploads\/2024\/03\/decoration-pliki-do-pobrania-64x54.webp 64w\" sizes=\"(max-width: 150px) 100vw, 150px\" \/>\t\t\t\t\t\t\t\t\t\t\t\t\t\t\t<\/div>\n\t\t\t\t<\/div>\n\t\t\t\t\t<\/div>\n\t\t\t\t<\/div>\n\t\t<div class=\"elementor-element elementor-element-02b9f87 e-flex e-con-boxed wpr-particle-no wpr-jarallax-no wpr-parallax-no wpr-sticky-section-no e-con e-child\" data-id=\"02b9f87\" data-element_type=\"container\">\n\t\t\t\t\t<div class=\"e-con-inner\">\n\t\t\t\t<div class=\"elementor-element elementor-element-89c4737 text-gradient elementor-widget elementor-widget-heading\" data-id=\"89c4737\" data-element_type=\"widget\" data-widget_type=\"heading.default\">\n\t\t\t\t<div class=\"elementor-widget-container\">\n\t\t\t\t\t<p class=\"elementor-heading-title elementor-size-default\">Download Catalog<\/p>\t\t\t\t<\/div>\n\t\t\t\t<\/div>\n\t\t\t\t<div class=\"elementor-element elementor-element-0dd63a3 elementor-widget elementor-widget-heading\" data-id=\"0dd63a3\" data-element_type=\"widget\" data-widget_type=\"heading.default\">\n\t\t\t\t<div class=\"elementor-widget-container\">\n\t\t\t\t\t<h2 class=\"elementor-heading-title elementor-size-default\">Heads and flanges<\/h2>\t\t\t\t<\/div>\n\t\t\t\t<\/div>\n\t\t\t\t\t<\/div>\n\t\t\t\t<\/div>\n\t\t\t\t\t<\/div>\n\t\t\t\t<\/a>\n\t\t<a class=\"elementor-element elementor-element-942e50c e-flex e-con-boxed wpr-particle-no wpr-jarallax-no wpr-parallax-no wpr-sticky-section-no elementor-invisible e-con e-child\" data-id=\"942e50c\" data-element_type=\"container\" data-settings=\"{&quot;background_background&quot;:&quot;classic&quot;,&quot;animation&quot;:&quot;fadeInUp&quot;,&quot;animation_delay&quot;:800}\" href=\"https:\/\/jartech.elblag.pl\/wp-content\/uploads\/2024\/04\/03-Mixing-tubes-catalog-Miaoke-Precision-20200422.pdf\" download=\"Jartech tuby miksuj\u0105ce katalog\">\n\t\t\t\t\t<div class=\"e-con-inner\">\n\t\t<div class=\"elementor-element elementor-element-68cd42c e-flex e-con-boxed wpr-particle-no wpr-jarallax-no wpr-parallax-no wpr-sticky-section-no e-con e-child\" data-id=\"68cd42c\" data-element_type=\"container\">\n\t\t\t\t\t<div class=\"e-con-inner\">\n\t\t\t\t<div class=\"elementor-element elementor-element-5b7b880 elementor-widget elementor-widget-image\" data-id=\"5b7b880\" data-element_type=\"widget\" data-widget_type=\"image.default\">\n\t\t\t\t<div class=\"elementor-widget-container\">\n\t\t\t\t\t\t\t\t\t\t\t\t\t\t\t<img loading=\"lazy\" decoding=\"async\" width=\"710\" height=\"714\" src=\"https:\/\/jartech.elblag.pl\/wp-content\/uploads\/2024\/04\/tuba-piasek.png\" class=\"attachment-full size-full wp-image-3588\" alt=\"\" srcset=\"https:\/\/jartech.elblag.pl\/wp-content\/uploads\/2024\/04\/tuba-piasek.png 710w, https:\/\/jartech.elblag.pl\/wp-content\/uploads\/2024\/04\/tuba-piasek-298x300.png 298w, https:\/\/jartech.elblag.pl\/wp-content\/uploads\/2024\/04\/tuba-piasek-150x150.png 150w, https:\/\/jartech.elblag.pl\/wp-content\/uploads\/2024\/04\/tuba-piasek-12x12.png 12w, https:\/\/jartech.elblag.pl\/wp-content\/uploads\/2024\/04\/tuba-piasek-300x302.png 300w, https:\/\/jartech.elblag.pl\/wp-content\/uploads\/2024\/04\/tuba-piasek-600x603.png 600w, https:\/\/jartech.elblag.pl\/wp-content\/uploads\/2024\/04\/tuba-piasek-100x100.png 100w, https:\/\/jartech.elblag.pl\/wp-content\/uploads\/2024\/04\/tuba-piasek-64x64.png 64w\" sizes=\"(max-width: 710px) 100vw, 710px\" \/>\t\t\t\t\t\t\t\t\t\t\t\t\t\t\t<\/div>\n\t\t\t\t<\/div>\n\t\t\t\t<div class=\"elementor-element elementor-element-96cc574 elementor-absolute elementor-widget elementor-widget-image\" data-id=\"96cc574\" data-element_type=\"widget\" data-settings=\"{&quot;_position&quot;:&quot;absolute&quot;}\" data-widget_type=\"image.default\">\n\t\t\t\t<div class=\"elementor-widget-container\">\n\t\t\t\t\t\t\t\t\t\t\t\t\t\t\t<img decoding=\"async\" width=\"221\" height=\"47\" src=\"https:\/\/jartech.elblag.pl\/wp-content\/uploads\/2024\/03\/logo-pliki-do-pobrania-1.webp\" class=\"attachment-full size-full wp-image-1306\" alt=\"\" srcset=\"https:\/\/jartech.elblag.pl\/wp-content\/uploads\/2024\/03\/logo-pliki-do-pobrania-1.webp 221w, https:\/\/jartech.elblag.pl\/wp-content\/uploads\/2024\/03\/logo-pliki-do-pobrania-1-64x14.webp 64w\" sizes=\"(max-width: 221px) 100vw, 221px\" \/>\t\t\t\t\t\t\t\t\t\t\t\t\t\t\t<\/div>\n\t\t\t\t<\/div>\n\t\t\t\t<div class=\"elementor-element elementor-element-de7fbc2 elementor-absolute elementor-widget elementor-widget-image\" data-id=\"de7fbc2\" data-element_type=\"widget\" data-settings=\"{&quot;_position&quot;:&quot;absolute&quot;}\" data-widget_type=\"image.default\">\n\t\t\t\t<div class=\"elementor-widget-container\">\n\t\t\t\t\t\t\t\t\t\t\t\t\t\t\t<img decoding=\"async\" width=\"150\" height=\"126\" src=\"https:\/\/jartech.elblag.pl\/wp-content\/uploads\/2024\/03\/decoration-pliki-do-pobrania.webp\" class=\"attachment-full size-full wp-image-1304\" alt=\"\" srcset=\"https:\/\/jartech.elblag.pl\/wp-content\/uploads\/2024\/03\/decoration-pliki-do-pobrania.webp 150w, https:\/\/jartech.elblag.pl\/wp-content\/uploads\/2024\/03\/decoration-pliki-do-pobrania-64x54.webp 64w\" sizes=\"(max-width: 150px) 100vw, 150px\" \/>\t\t\t\t\t\t\t\t\t\t\t\t\t\t\t<\/div>\n\t\t\t\t<\/div>\n\t\t\t\t\t<\/div>\n\t\t\t\t<\/div>\n\t\t<div class=\"elementor-element elementor-element-1df59a3 e-flex e-con-boxed wpr-particle-no wpr-jarallax-no wpr-parallax-no wpr-sticky-section-no e-con e-child\" data-id=\"1df59a3\" data-element_type=\"container\">\n\t\t\t\t\t<div class=\"e-con-inner\">\n\t\t\t\t<div class=\"elementor-element elementor-element-4fffe7e text-gradient elementor-widget elementor-widget-heading\" data-id=\"4fffe7e\" data-element_type=\"widget\" data-widget_type=\"heading.default\">\n\t\t\t\t<div class=\"elementor-widget-container\">\n\t\t\t\t\t<p class=\"elementor-heading-title elementor-size-default\">Download Catalog<\/p>\t\t\t\t<\/div>\n\t\t\t\t<\/div>\n\t\t\t\t<div class=\"elementor-element elementor-element-8599441 elementor-widget elementor-widget-heading\" data-id=\"8599441\" data-element_type=\"widget\" data-widget_type=\"heading.default\">\n\t\t\t\t<div class=\"elementor-widget-container\">\n\t\t\t\t\t<h2 class=\"elementor-heading-title elementor-size-default\">Mixing tubes<\/h2>\t\t\t\t<\/div>\n\t\t\t\t<\/div>\n\t\t\t\t\t<\/div>\n\t\t\t\t<\/div>\n\t\t\t\t\t<\/div>\n\t\t\t\t<\/a>\n\t\t\t\t\t<\/div>\n\t\t\t\t<\/div>\n\t\t\t\t\t<\/div>\n\t\t\t\t<\/div>\n\t\t\t\t<\/div>","protected":false},"excerpt":{"rendered":"<p>Pliki do pobrania Znajd\u017a potrzebne informacje i dokumentacj\u0119. Wa\u017cne dane Pliki do pobrania Zapoznaj si\u0119 z instrukcjami obs\u0142ugi, katalogami produkt\u00f3w i poradnikami do pobrania. Pobierz Katalog Cz\u0119\u015bci zamienne Pobierz Katalog G\u0142owice i kryzy Pobierz Katalog Tuby miksuj\u0105ce<\/p>","protected":false},"author":4,"featured_media":0,"parent":1164,"menu_order":0,"comment_status":"closed","ping_status":"closed","template":"elementor_header_footer","meta":{"_acf_changed":false,"footnotes":""},"class_list":["post-1261","page","type-page","status-publish","hentry"],"acf":[],"_links":{"self":[{"href":"https:\/\/jartech.elblag.pl\/en\/wp-json\/wp\/v2\/pages\/1261","targetHints":{"allow":["GET"]}}],"collection":[{"href":"https:\/\/jartech.elblag.pl\/en\/wp-json\/wp\/v2\/pages"}],"about":[{"href":"https:\/\/jartech.elblag.pl\/en\/wp-json\/wp\/v2\/types\/page"}],"author":[{"embeddable":true,"href":"https:\/\/jartech.elblag.pl\/en\/wp-json\/wp\/v2\/users\/4"}],"replies":[{"embeddable":true,"href":"https:\/\/jartech.elblag.pl\/en\/wp-json\/wp\/v2\/comments?post=1261"}],"version-history":[{"count":85,"href":"https:\/\/jartech.elblag.pl\/en\/wp-json\/wp\/v2\/pages\/1261\/revisions"}],"predecessor-version":[{"id":3605,"href":"https:\/\/jartech.elblag.pl\/en\/wp-json\/wp\/v2\/pages\/1261\/revisions\/3605"}],"up":[{"embeddable":true,"href":"https:\/\/jartech.elblag.pl\/en\/wp-json\/wp\/v2\/pages\/1164"}],"wp:attachment":[{"href":"https:\/\/jartech.elblag.pl\/en\/wp-json\/wp\/v2\/media?parent=1261"}],"curies":[{"name":"wp","href":"https:\/\/api.w.org\/{rel}","templated":true}]}}