{"id":1252,"date":"2024-03-06T01:44:29","date_gmt":"2024-03-06T01:44:29","guid":{"rendered":"https:\/\/jartech.elblag.pl\/?page_id=1252"},"modified":"2024-03-15T12:45:08","modified_gmt":"2024-03-15T12:45:08","slug":"szkolenia","status":"publish","type":"page","link":"https:\/\/jartech.elblag.pl\/en\/serwis-i-wsparcie\/szkolenia\/","title":{"rendered":"Training"},"content":{"rendered":"<div data-elementor-type=\"wp-page\" data-elementor-id=\"1252\" class=\"elementor elementor-1252\" data-elementor-post-type=\"page\">\n\t\t\t\t<div class=\"elementor-element elementor-element-e9c4f82 e-con-full e-flex wpr-particle-no wpr-jarallax-no wpr-parallax-no wpr-sticky-section-no e-con e-parent\" data-id=\"e9c4f82\" data-element_type=\"container\" data-settings=\"{&quot;background_background&quot;:&quot;classic&quot;}\">\n\t\t\t\t<div class=\"elementor-element elementor-element-64df27a text-gradient elementor-invisible elementor-widget elementor-widget-heading\" data-id=\"64df27a\" data-element_type=\"widget\" data-settings=\"{&quot;_animation&quot;:&quot;fadeInLeft&quot;}\" data-widget_type=\"heading.default\">\n\t\t\t\t<div class=\"elementor-widget-container\">\n\t\t\t\t\t<p class=\"elementor-heading-title elementor-size-default\">Specialists in the waterjet industry<\/p>\t\t\t\t<\/div>\n\t\t\t\t<\/div>\n\t\t\t\t<div class=\"elementor-element elementor-element-e8d73bc elementor-invisible elementor-widget elementor-widget-heading\" data-id=\"e8d73bc\" data-element_type=\"widget\" data-settings=\"{&quot;_animation&quot;:&quot;fadeInLeft&quot;}\" data-widget_type=\"heading.default\">\n\t\t\t\t<div class=\"elementor-widget-container\">\n\t\t\t\t\t<h2 class=\"elementor-heading-title elementor-size-default\">Training<\/h2>\t\t\t\t<\/div>\n\t\t\t\t<\/div>\n\t\t\t\t<div class=\"elementor-element elementor-element-e4f2329 elementor-widget__width-initial elementor-invisible elementor-widget elementor-widget-text-editor\" data-id=\"e4f2329\" data-element_type=\"widget\" data-settings=\"{&quot;_animation&quot;:&quot;fadeInLeft&quot;}\" data-widget_type=\"text-editor.default\">\n\t\t\t\t<div class=\"elementor-widget-container\">\n\t\t\t\t\t\t\t\t\t<p>The JARTECH company conducts training in design and operation for operators of OMAX water cutting machines. The training is conducted by qualified staff who acquired their knowledge by training at the official OMAX headquarters in the United States.<\/p>\t\t\t\t\t\t\t\t<\/div>\n\t\t\t\t<\/div>\n\t\t\t\t<div class=\"elementor-element elementor-element-4cac22d elementor-tablet-align-justify elementor-widget-tablet__width-inherit elementor-invisible elementor-widget elementor-widget-button\" data-id=\"4cac22d\" data-element_type=\"widget\" data-settings=\"{&quot;_animation&quot;:&quot;fadeInLeft&quot;}\" data-widget_type=\"button.default\">\n\t\t\t\t<div class=\"elementor-widget-container\">\n\t\t\t\t\t\t\t\t\t<div class=\"elementor-button-wrapper\">\n\t\t\t\t\t<a class=\"elementor-button elementor-button-link elementor-size-sm\" href=\"https:\/\/jartech.elblag.pl\/kontakt\/\">\n\t\t\t\t\t\t<span class=\"elementor-button-content-wrapper\">\n\t\t\t\t\t\t\t\t\t<span class=\"elementor-button-text\">Contact us<\/span>\n\t\t\t\t\t<\/span>\n\t\t\t\t\t<\/a>\n\t\t\t\t<\/div>\n\t\t\t\t\t\t\t\t<\/div>\n\t\t\t\t<\/div>\n\t\t\t\t<\/div>\n\t\t<div class=\"elementor-element elementor-element-a81bda9 e-flex e-con-boxed wpr-particle-no wpr-jarallax-no wpr-parallax-no wpr-sticky-section-no e-con e-parent\" data-id=\"a81bda9\" data-element_type=\"container\" data-settings=\"{&quot;background_background&quot;:&quot;classic&quot;}\">\n\t\t\t\t\t<div class=\"e-con-inner\">\n\t\t\t\t<div class=\"elementor-element elementor-element-d997635 elementor-absolute elementor-widget elementor-widget-image\" data-id=\"d997635\" data-element_type=\"widget\" data-settings=\"{&quot;_position&quot;:&quot;absolute&quot;}\" data-widget_type=\"image.default\">\n\t\t\t\t<div class=\"elementor-widget-container\">\n\t\t\t\t\t\t\t\t\t\t\t\t\t\t\t<img fetchpriority=\"high\" decoding=\"async\" width=\"163\" height=\"363\" src=\"https:\/\/jartech.elblag.pl\/wp-content\/uploads\/2024\/03\/image-decoration-tuby.webp\" class=\"attachment-full size-full wp-image-1101\" alt=\"\" srcset=\"https:\/\/jartech.elblag.pl\/wp-content\/uploads\/2024\/03\/image-decoration-tuby.webp 163w, https:\/\/jartech.elblag.pl\/wp-content\/uploads\/2024\/03\/image-decoration-tuby-64x143.webp 64w, https:\/\/jartech.elblag.pl\/wp-content\/uploads\/2024\/03\/image-decoration-tuby-135x300.webp 135w\" sizes=\"(max-width: 163px) 100vw, 163px\" \/>\t\t\t\t\t\t\t\t\t\t\t\t\t\t\t<\/div>\n\t\t\t\t<\/div>\n\t\t\t\t<div class=\"elementor-element elementor-element-ebc9973 elementor-absolute e-transform elementor-widget elementor-widget-image\" data-id=\"ebc9973\" data-element_type=\"widget\" data-settings=\"{&quot;_position&quot;:&quot;absolute&quot;,&quot;_transform_flipX_effect&quot;:&quot;transform&quot;}\" data-widget_type=\"image.default\">\n\t\t\t\t<div class=\"elementor-widget-container\">\n\t\t\t\t\t\t\t\t\t\t\t\t\t\t\t<img fetchpriority=\"high\" decoding=\"async\" width=\"163\" height=\"363\" src=\"https:\/\/jartech.elblag.pl\/wp-content\/uploads\/2024\/03\/image-decoration-tuby.webp\" class=\"attachment-full size-full wp-image-1101\" alt=\"\" srcset=\"https:\/\/jartech.elblag.pl\/wp-content\/uploads\/2024\/03\/image-decoration-tuby.webp 163w, https:\/\/jartech.elblag.pl\/wp-content\/uploads\/2024\/03\/image-decoration-tuby-64x143.webp 64w, https:\/\/jartech.elblag.pl\/wp-content\/uploads\/2024\/03\/image-decoration-tuby-135x300.webp 135w\" sizes=\"(max-width: 163px) 100vw, 163px\" \/>\t\t\t\t\t\t\t\t\t\t\t\t\t\t\t<\/div>\n\t\t\t\t<\/div>\n\t\t<div class=\"elementor-element elementor-element-32f1c67 e-flex e-con-boxed wpr-particle-no wpr-jarallax-no wpr-parallax-no wpr-sticky-section-no e-con e-child\" data-id=\"32f1c67\" data-element_type=\"container\">\n\t\t\t\t\t<div class=\"e-con-inner\">\n\t\t\t\t<div class=\"elementor-element elementor-element-ed4008d elementor-invisible elementor-widget elementor-widget-woocommerce-breadcrumb\" data-id=\"ed4008d\" data-element_type=\"widget\" data-settings=\"{&quot;_animation&quot;:&quot;fadeInDown&quot;}\" data-widget_type=\"woocommerce-breadcrumb.default\">\n\t\t\t\t<div class=\"elementor-widget-container\">\n\t\t\t\t\t<nav class=\"woocommerce-breadcrumb\" aria-label=\"Breadcrumb\" data-no-translation=\"\" data-trp-gettext=\"\">Home<\/nav>\t\t\t\t<\/div>\n\t\t\t\t<\/div>\n\t\t\t\t\t<\/div>\n\t\t\t\t<\/div>\n\t\t<div class=\"elementor-element elementor-element-7d95819 e-flex e-con-boxed wpr-particle-no wpr-jarallax-no wpr-parallax-no wpr-sticky-section-no e-con e-child\" data-id=\"7d95819\" data-element_type=\"container\" data-settings=\"{&quot;animation&quot;:&quot;none&quot;}\">\n\t\t\t\t\t<div class=\"e-con-inner\">\n\t\t\t\t<div class=\"elementor-element elementor-element-418c82e elementor-invisible elementor-widget elementor-widget-heading\" data-id=\"418c82e\" data-element_type=\"widget\" data-settings=\"{&quot;_animation&quot;:&quot;fadeInDown&quot;}\" data-widget_type=\"heading.default\">\n\t\t\t\t<div class=\"elementor-widget-container\">\n\t\t\t\t\t<h2 class=\"elementor-heading-title elementor-size-default\">What does Waterjet training cover?<\/h2>\t\t\t\t<\/div>\n\t\t\t\t<\/div>\n\t\t\t\t<div class=\"elementor-element elementor-element-71816ee elementor-widget__width-inherit elementor-invisible elementor-widget elementor-widget-text-editor\" data-id=\"71816ee\" data-element_type=\"widget\" data-settings=\"{&quot;_animation&quot;:&quot;fadeInLeft&quot;}\" data-widget_type=\"text-editor.default\">\n\t\t\t\t<div class=\"elementor-widget-container\">\n\t\t\t\t\t\t\t\t\t<p>Theoretical training takes place at our company&#039;s headquarters in Elbl\u0105g. They are used during training <strong>films, presentations and multimedia<\/strong>, which help students better acquire the knowledge necessary for work.<\/p><p><strong>The practical part of the training is carried out at the client&#039;s place<\/strong> in a future job position, which allows the trainee to acquire skills in a familiar environment.<\/p>\t\t\t\t\t\t\t\t<\/div>\n\t\t\t\t<\/div>\n\t\t\t\t<div class=\"elementor-element elementor-element-bddfbf8 elementor-invisible elementor-widget elementor-widget-image\" data-id=\"bddfbf8\" data-element_type=\"widget\" data-settings=\"{&quot;_animation&quot;:&quot;fadeInRight&quot;}\" data-widget_type=\"image.default\">\n\t\t\t\t<div class=\"elementor-widget-container\">\n\t\t\t\t\t\t\t\t\t\t\t\t\t\t\t<img decoding=\"async\" width=\"756\" height=\"400\" src=\"https:\/\/jartech.elblag.pl\/wp-content\/uploads\/2024\/03\/co-obejmuje-szkolenie-waterjet.webp\" class=\"attachment-full size-full wp-image-1641\" alt=\"\" srcset=\"https:\/\/jartech.elblag.pl\/wp-content\/uploads\/2024\/03\/co-obejmuje-szkolenie-waterjet.webp 756w, https:\/\/jartech.elblag.pl\/wp-content\/uploads\/2024\/03\/co-obejmuje-szkolenie-waterjet-300x159.webp 300w, https:\/\/jartech.elblag.pl\/wp-content\/uploads\/2024\/03\/co-obejmuje-szkolenie-waterjet-600x317.webp 600w, https:\/\/jartech.elblag.pl\/wp-content\/uploads\/2024\/03\/co-obejmuje-szkolenie-waterjet-64x34.webp 64w\" sizes=\"(max-width: 756px) 100vw, 756px\" \/>\t\t\t\t\t\t\t\t\t\t\t\t\t\t\t<\/div>\n\t\t\t\t<\/div>\n\t\t\t\t<div class=\"elementor-element elementor-element-cbf003a elementor-widget__width-inherit elementor-invisible elementor-widget elementor-widget-text-editor\" data-id=\"cbf003a\" data-element_type=\"widget\" data-settings=\"{&quot;_animation&quot;:&quot;fadeInLeft&quot;}\" data-widget_type=\"text-editor.default\">\n\t\t\t\t<div class=\"elementor-widget-container\">\n\t\t\t\t\t\t\t\t\t<p>After completing the training, the trainee receives a certificate confirming the acquired competences to work with a waterjet machine.<\/p><p><strong>Upon request, we also offer the possibility of full on-site training. <\/strong><\/p>\t\t\t\t\t\t\t\t<\/div>\n\t\t\t\t<\/div>\n\t\t\t\t<div class=\"elementor-element elementor-element-85c575b elementor-invisible elementor-widget elementor-widget-heading\" data-id=\"85c575b\" data-element_type=\"widget\" data-settings=\"{&quot;_animation&quot;:&quot;fadeInRight&quot;}\" data-widget_type=\"heading.default\">\n\t\t\t\t<div class=\"elementor-widget-container\">\n\t\t\t\t\t<h2 class=\"elementor-heading-title elementor-size-default\">At the same time, Jartech provides:\n<\/h2>\t\t\t\t<\/div>\n\t\t\t\t<\/div>\n\t\t\t\t<div class=\"elementor-element elementor-element-b876626 elementor-icon-list--layout-traditional elementor-list-item-link-full_width elementor-invisible elementor-widget elementor-widget-icon-list\" data-id=\"b876626\" data-element_type=\"widget\" data-settings=\"{&quot;_animation&quot;:&quot;fadeInRight&quot;}\" data-widget_type=\"icon-list.default\">\n\t\t\t\t<div class=\"elementor-widget-container\">\n\t\t\t\t\t\t\t<ul class=\"elementor-icon-list-items\">\n\t\t\t\t\t\t\t<li class=\"elementor-icon-list-item\">\n\t\t\t\t\t\t\t\t\t\t\t<span class=\"elementor-icon-list-icon\">\n\t\t\t\t\t\t\t<svg xmlns=\"http:\/\/www.w3.org\/2000\/svg\" viewbox=\"0 0 41 41\" width=\"41\" height=\"41\"><title>image<\/title><defs><clippath clippathunits=\"userSpaceOnUse\" id=\"cp1\"><path d=\"m0.27 0.62h40v40h-40z\"><\/path><\/clippath><lineargradient id=\"g1\" x2=\"1\" gradientunits=\"userSpaceOnUse\" gradienttransform=\"matrix(-27.42,1.918,-1.269,-18.14,26.916,13.846)\"><stop offset=\"0\" stop-color=\"#f12513\"><\/stop><stop offset=\".266\" stop-color=\"#de160c\"><\/stop><stop offset=\".552\" stop-color=\"#d11515\"><\/stop><stop offset=\"1\" stop-color=\"#a80004\"><\/stop><\/lineargradient><lineargradient id=\"g2\" x2=\"1\" gradientunits=\"userSpaceOnUse\" gradienttransform=\"matrix(-21.483,1.175,-0.99,-18.09,38.975,13.845)\"><stop offset=\"0\" stop-color=\"#f12513\"><\/stop><stop offset=\".266\" stop-color=\"#de160c\"><\/stop><stop offset=\".552\" stop-color=\"#d11515\"><\/stop><stop offset=\"1\" stop-color=\"#a80004\"><\/stop><\/lineargradient><\/defs><style>\t\t.hdjvnvfd { fill: none;stroke: url(#g1);stroke-linecap: round;stroke-linejoin: round;stroke-width: 1.7 } \t\t.porvnkf { fill: none;stroke: url(#g2);stroke-linecap: round;stroke-linejoin: round;stroke-width: 1.7 } \t<\/style><g id=\"Clip-Path\" clip-path=\"url(#cp1)\"><g id=\"Layer\"><path id=\"Layer\" fill-rule=\"evenodd\" class=\"hdjvnvfd\" d=\"m8.7 29.3l-7.5-7.6c-0.5-0.4-0.5-1.2 0-1.7l1.8-1.8c0.5-0.5 1.3-0.5 1.8 0l6.2 6.2 12.9-13c0.5-0.5 1.3-0.5 1.8 0l1.8 1.8c0.5 0.5 0.5 1.3 0 1.8l-14.3 14.3c-1.2 1.2-3.2 1.2-4.5 0z\"><\/path><path id=\"Layer\" fill-rule=\"evenodd\" class=\"porvnkf\" d=\"m22.2 23.7l0.6 0.7 13-13c0.5-0.5 1.3-0.5 1.8 0l1.7 1.8c0.5 0.5 0.5 1.3 0 1.8l-14.3 14.3c-1.2 1.2-3.2 1.2-4.4 0l-2-2\"><\/path><\/g><\/g><\/svg>\t\t\t\t\t\t<\/span>\n\t\t\t\t\t\t\t\t\t\t<span class=\"elementor-icon-list-text\">necessary teaching aids (instructions, diagrams),<\/span>\n\t\t\t\t\t\t\t\t\t<\/li>\n\t\t\t\t\t\t\t\t<li class=\"elementor-icon-list-item\">\n\t\t\t\t\t\t\t\t\t\t\t<span class=\"elementor-icon-list-icon\">\n\t\t\t\t\t\t\t<svg xmlns=\"http:\/\/www.w3.org\/2000\/svg\" viewbox=\"0 0 41 41\" width=\"41\" height=\"41\"><title>image<\/title><defs><clippath clippathunits=\"userSpaceOnUse\" id=\"cp1\"><path d=\"m0.27 0.62h40v40h-40z\"><\/path><\/clippath><lineargradient id=\"g1\" x2=\"1\" gradientunits=\"userSpaceOnUse\" gradienttransform=\"matrix(-27.42,1.918,-1.269,-18.14,26.916,13.846)\"><stop offset=\"0\" stop-color=\"#f12513\"><\/stop><stop offset=\".266\" stop-color=\"#de160c\"><\/stop><stop offset=\".552\" stop-color=\"#d11515\"><\/stop><stop offset=\"1\" stop-color=\"#a80004\"><\/stop><\/lineargradient><lineargradient id=\"g2\" x2=\"1\" gradientunits=\"userSpaceOnUse\" gradienttransform=\"matrix(-21.483,1.175,-0.99,-18.09,38.975,13.845)\"><stop offset=\"0\" stop-color=\"#f12513\"><\/stop><stop offset=\".266\" stop-color=\"#de160c\"><\/stop><stop offset=\".552\" stop-color=\"#d11515\"><\/stop><stop offset=\"1\" stop-color=\"#a80004\"><\/stop><\/lineargradient><\/defs><style>\t\t.hdjvnvfd { fill: none;stroke: url(#g1);stroke-linecap: round;stroke-linejoin: round;stroke-width: 1.7 } \t\t.porvnkf { fill: none;stroke: url(#g2);stroke-linecap: round;stroke-linejoin: round;stroke-width: 1.7 } \t<\/style><g id=\"Clip-Path\" clip-path=\"url(#cp1)\"><g id=\"Layer\"><path id=\"Layer\" fill-rule=\"evenodd\" class=\"hdjvnvfd\" d=\"m8.7 29.3l-7.5-7.6c-0.5-0.4-0.5-1.2 0-1.7l1.8-1.8c0.5-0.5 1.3-0.5 1.8 0l6.2 6.2 12.9-13c0.5-0.5 1.3-0.5 1.8 0l1.8 1.8c0.5 0.5 0.5 1.3 0 1.8l-14.3 14.3c-1.2 1.2-3.2 1.2-4.5 0z\"><\/path><path id=\"Layer\" fill-rule=\"evenodd\" class=\"porvnkf\" d=\"m22.2 23.7l0.6 0.7 13-13c0.5-0.5 1.3-0.5 1.8 0l1.7 1.8c0.5 0.5 0.5 1.3 0 1.8l-14.3 14.3c-1.2 1.2-3.2 1.2-4.4 0l-2-2\"><\/path><\/g><\/g><\/svg>\t\t\t\t\t\t<\/span>\n\t\t\t\t\t\t\t\t\t\t<span class=\"elementor-icon-list-text\">constant technical support via telephone and e-mail.<\/span>\n\t\t\t\t\t\t\t\t\t<\/li>\n\t\t\t\t\t\t<\/ul>\n\t\t\t\t\t\t<\/div>\n\t\t\t\t<\/div>\n\t\t<div class=\"elementor-element elementor-element-2737a96 e-flex e-con-boxed wpr-particle-no wpr-jarallax-no wpr-parallax-no wpr-sticky-section-no elementor-invisible e-con e-child\" data-id=\"2737a96\" data-element_type=\"container\" data-settings=\"{&quot;animation&quot;:&quot;fadeInLeft&quot;}\">\n\t\t\t\t\t<div class=\"e-con-inner\">\n\t\t\t\t<div class=\"elementor-element elementor-element-eeb8768 elementor-widget elementor-widget-heading\" data-id=\"eeb8768\" data-element_type=\"widget\" data-widget_type=\"heading.default\">\n\t\t\t\t<div class=\"elementor-widget-container\">\n\t\t\t\t\t<h2 class=\"elementor-heading-title elementor-size-default\">Trust our company, which has been providing knowledge and skills in the field of Waterjet technology to hundreds of satisfied customers for years.\n<\/h2>\t\t\t\t<\/div>\n\t\t\t\t<\/div>\n\t\t\t\t\t<\/div>\n\t\t\t\t<\/div>\n\t\t\t\t\t<\/div>\n\t\t\t\t<\/div>\n\t\t\t\t\t<\/div>\n\t\t\t\t<\/div>\n\t\t<div class=\"elementor-element elementor-element-1f74ba5 e-con-full e-flex wpr-particle-no wpr-jarallax-no wpr-parallax-no wpr-sticky-section-no e-con e-parent\" data-id=\"1f74ba5\" data-element_type=\"container\" data-settings=\"{&quot;background_background&quot;:&quot;classic&quot;}\">\n\t\t\t\t<div class=\"elementor-element elementor-element-eef019b elementor-invisible elementor-widget elementor-widget-heading\" data-id=\"eef019b\" data-element_type=\"widget\" data-settings=\"{&quot;_animation&quot;:&quot;fadeInDown&quot;}\" data-widget_type=\"heading.default\">\n\t\t\t\t<div class=\"elementor-widget-container\">\n\t\t\t\t\t<h2 class=\"elementor-heading-title elementor-size-default\">Contact us for details<br> discuss details.<\/h2>\t\t\t\t<\/div>\n\t\t\t\t<\/div>\n\t\t\t\t<div class=\"elementor-element elementor-element-e186a13 elementor-tablet-align-justify elementor-widget-tablet__width-inherit elementor-invisible elementor-widget elementor-widget-button\" data-id=\"e186a13\" data-element_type=\"widget\" data-settings=\"{&quot;_animation&quot;:&quot;fadeInUp&quot;}\" data-widget_type=\"button.default\">\n\t\t\t\t<div class=\"elementor-widget-container\">\n\t\t\t\t\t\t\t\t\t<div class=\"elementor-button-wrapper\">\n\t\t\t\t\t<a class=\"elementor-button elementor-button-link elementor-size-sm\" href=\"https:\/\/jartech.elblag.pl\/kontakt\/\">\n\t\t\t\t\t\t<span class=\"elementor-button-content-wrapper\">\n\t\t\t\t\t\t\t\t\t<span class=\"elementor-button-text\">Contact us<\/span>\n\t\t\t\t\t<\/span>\n\t\t\t\t\t<\/a>\n\t\t\t\t<\/div>\n\t\t\t\t\t\t\t\t<\/div>\n\t\t\t\t<\/div>\n\t\t\t\t<\/div>\n\t\t\t\t<\/div>","protected":false},"excerpt":{"rendered":"<p>Specjali\u015bci w bran\u017cy waterjet Szkolenia Firma JARTECH prowadzi szkolenia z zakresu projektowania oraz obs\u0142ugi dla operator\u00f3w maszyn do ci\u0119cia wod\u0105 typu OMAX. Szkolenia prowadzone s\u0105 przez wykwalifikowan\u0105 kadr\u0119, kt\u00f3ra swoj\u0105 wiedz\u0119 zdoby\u0142a odbywaj\u0105c szkolenie w\u00a0oficjalnej siedzibie OMAX w Stanach Zjednoczonych. Skontaktuj sie z nami Co obejmuje szkolenie Waterjet? Szkolenie teoretyczne odbywa si\u0119 w siedzibie naszej firmy w Elbl\u0105gu. Podczas szkole\u0144 wykorzystywane s\u0105 filmy, prezentacje i multimedia, kt\u00f3re pomagaj\u0105 kursantom lepiej przyswoi\u0107 niezb\u0119dn\u0105 do pracy wiedz\u0119. Cz\u0119\u015b\u0107 praktyczn\u0105 szkolenia przeprowadzamy u Klienta na przysz\u0142ym stanowisku pracy, co pozwala kursantowi na nabywanie umiej\u0119tno\u015bci w znanym \u015brodowisku. Po odbytym szkoleniu kursant otrzymuje certyfikat potwierdzaj\u0105cy zdobyte kompetencje do pracy z maszyn\u0105 waterjet. Na \u017cyczenie oferujemy r\u00f3wnie\u017c mo\u017cliwo\u015b\u0107 pe\u0142nego szkolenia u Klienta. Jednocze\u015bnie firma Jartech zapewnia : image niezb\u0119dne pomoce dydaktyczne (instrukcje, diagramy), image sta\u0142e wsparcie techniczne poprzez kontakt telefoniczny i e-mail. Zaufaj naszej firmie, kt\u00f3ra od lat przekazuje wiedz\u0119 i\u00a0umiej\u0119tno\u015bci z\u00a0zakresu technologii Waterjet setkom zadowolonych klient\u00f3w. Skontaktuj sie z nami w celu om\u00f3wienia szczeg\u00f3\u0142\u00f3w. Skontaktuj sie z nami<\/p>","protected":false},"author":4,"featured_media":0,"parent":1164,"menu_order":0,"comment_status":"closed","ping_status":"closed","template":"elementor_header_footer","meta":{"_acf_changed":false,"footnotes":""},"class_list":["post-1252","page","type-page","status-publish","hentry"],"acf":[],"_links":{"self":[{"href":"https:\/\/jartech.elblag.pl\/en\/wp-json\/wp\/v2\/pages\/1252","targetHints":{"allow":["GET"]}}],"collection":[{"href":"https:\/\/jartech.elblag.pl\/en\/wp-json\/wp\/v2\/pages"}],"about":[{"href":"https:\/\/jartech.elblag.pl\/en\/wp-json\/wp\/v2\/types\/page"}],"author":[{"embeddable":true,"href":"https:\/\/jartech.elblag.pl\/en\/wp-json\/wp\/v2\/users\/4"}],"replies":[{"embeddable":true,"href":"https:\/\/jartech.elblag.pl\/en\/wp-json\/wp\/v2\/comments?post=1252"}],"version-history":[{"count":49,"href":"https:\/\/jartech.elblag.pl\/en\/wp-json\/wp\/v2\/pages\/1252\/revisions"}],"predecessor-version":[{"id":2567,"href":"https:\/\/jartech.elblag.pl\/en\/wp-json\/wp\/v2\/pages\/1252\/revisions\/2567"}],"up":[{"embeddable":true,"href":"https:\/\/jartech.elblag.pl\/en\/wp-json\/wp\/v2\/pages\/1164"}],"wp:attachment":[{"href":"https:\/\/jartech.elblag.pl\/en\/wp-json\/wp\/v2\/media?parent=1252"}],"curies":[{"name":"wp","href":"https:\/\/api.w.org\/{rel}","templated":true}]}}