{"id":1135,"date":"2024-03-04T13:13:22","date_gmt":"2024-03-04T13:13:22","guid":{"rendered":"https:\/\/jartech.elblag.pl\/?page_id=1135"},"modified":"2024-03-20T14:11:41","modified_gmt":"2024-03-20T14:11:41","slug":"podajniki-i-systemy-usuwania-scierniwa","status":"publish","type":"page","link":"https:\/\/jartech.elblag.pl\/en\/oferta\/podajniki-i-systemy-usuwania-scierniwa\/","title":{"rendered":"Abrasive feeders and removal systems"},"content":{"rendered":"<div data-elementor-type=\"wp-page\" data-elementor-id=\"1135\" class=\"elementor elementor-1135\" data-elementor-post-type=\"page\">\n\t\t\t\t<div class=\"elementor-element elementor-element-174858c e-con-full e-flex wpr-particle-no wpr-jarallax-no wpr-parallax-no wpr-sticky-section-no e-con e-parent\" data-id=\"174858c\" data-element_type=\"container\" data-settings=\"{&quot;background_background&quot;:&quot;classic&quot;}\">\n\t\t\t\t<div class=\"elementor-element elementor-element-e09752c elementor-absolute e-transform elementor-widget elementor-widget-image\" data-id=\"e09752c\" data-element_type=\"widget\" data-settings=\"{&quot;_position&quot;:&quot;absolute&quot;,&quot;_transform_flipY_effect&quot;:&quot;transform&quot;}\" data-widget_type=\"image.default\">\n\t\t\t\t<div class=\"elementor-widget-container\">\n\t\t\t\t\t\t\t\t\t\t\t\t\t\t\t<img fetchpriority=\"high\" decoding=\"async\" width=\"349\" height=\"265\" src=\"https:\/\/jartech.elblag.pl\/wp-content\/uploads\/2024\/02\/decoration-top-right.webp\" class=\"attachment-full size-full wp-image-133\" alt=\"\" srcset=\"https:\/\/jartech.elblag.pl\/wp-content\/uploads\/2024\/02\/decoration-top-right.webp 349w, https:\/\/jartech.elblag.pl\/wp-content\/uploads\/2024\/02\/decoration-top-right-300x228.webp 300w, https:\/\/jartech.elblag.pl\/wp-content\/uploads\/2024\/02\/decoration-top-right-64x49.webp 64w\" sizes=\"(max-width: 349px) 100vw, 349px\" \/>\t\t\t\t\t\t\t\t\t\t\t\t\t\t\t<\/div>\n\t\t\t\t<\/div>\n\t\t<div class=\"elementor-element elementor-element-a5193a4 e-con-full e-flex wpr-particle-no wpr-jarallax-no wpr-parallax-no wpr-sticky-section-no e-con e-child\" data-id=\"a5193a4\" data-element_type=\"container\">\n\t\t\t\t<div class=\"elementor-element elementor-element-7cf2d5d elementor-invisible elementor-widget elementor-widget-heading\" data-id=\"7cf2d5d\" data-element_type=\"widget\" data-settings=\"{&quot;_animation&quot;:&quot;fadeInLeft&quot;}\" data-widget_type=\"heading.default\">\n\t\t\t\t<div class=\"elementor-widget-container\">\n\t\t\t\t\t<h2 class=\"elementor-heading-title elementor-size-default\">Feeders and systems<br> abrasive removal<\/h2>\t\t\t\t<\/div>\n\t\t\t\t<\/div>\n\t\t\t\t<div class=\"elementor-element elementor-element-c90b7f0 elementor-widget__width-initial elementor-invisible elementor-widget elementor-widget-text-editor\" data-id=\"c90b7f0\" data-element_type=\"widget\" data-settings=\"{&quot;_animation&quot;:&quot;fadeInLeft&quot;}\" data-widget_type=\"text-editor.default\">\n\t\t\t\t<div class=\"elementor-widget-container\">\n\t\t\t\t\t\t\t\t\t<p>During regular operation of a waterjet machine tool, over time there may naturally arise a need to modernize or replace devices cooperating with the machine. In this regard, we offer sales, installation, training and post-warranty service for the following devices.<\/p>\t\t\t\t\t\t\t\t<\/div>\n\t\t\t\t<\/div>\n\t\t\t\t<\/div>\n\t\t\t\t<\/div>\n\t\t<div class=\"elementor-element elementor-element-66c89c8 e-con-full e-flex wpr-particle-no wpr-jarallax-no wpr-parallax-no wpr-sticky-section-no e-con e-parent\" data-id=\"66c89c8\" data-element_type=\"container\">\n\t\t\t\t<div class=\"elementor-element elementor-element-5e2523e elementor-invisible elementor-widget elementor-widget-woocommerce-breadcrumb\" data-id=\"5e2523e\" data-element_type=\"widget\" data-settings=\"{&quot;_animation&quot;:&quot;fadeInDown&quot;}\" data-widget_type=\"woocommerce-breadcrumb.default\">\n\t\t\t\t<div class=\"elementor-widget-container\">\n\t\t\t\t\t<nav class=\"woocommerce-breadcrumb\" aria-label=\"Breadcrumb\" data-no-translation=\"\" data-trp-gettext=\"\">Home<\/nav>\t\t\t\t<\/div>\n\t\t\t\t<\/div>\n\t\t\t\t<\/div>\n\t\t<div class=\"elementor-element elementor-element-8ec29ec e-flex e-con-boxed wpr-particle-no wpr-jarallax-no wpr-parallax-no wpr-sticky-section-no e-con e-parent\" data-id=\"8ec29ec\" data-element_type=\"container\" data-settings=\"{&quot;background_background&quot;:&quot;classic&quot;}\">\n\t\t\t\t\t<div class=\"e-con-inner\">\n\t\t<div class=\"elementor-element elementor-element-48f3043 elementor-hidden-mobile e-flex e-con-boxed wpr-particle-no wpr-jarallax-no wpr-parallax-no wpr-sticky-section-no e-con e-child\" data-id=\"48f3043\" data-element_type=\"container\">\n\t\t\t\t\t<div class=\"e-con-inner\">\n\t\t\t\t<div class=\"elementor-element elementor-element-5a910d3 elementor-invisible elementor-widget elementor-widget-image\" data-id=\"5a910d3\" data-element_type=\"widget\" data-settings=\"{&quot;_animation&quot;:&quot;fadeInLeft&quot;}\" data-widget_type=\"image.default\">\n\t\t\t\t<div class=\"elementor-widget-container\">\n\t\t\t\t\t\t\t\t\t\t\t\t\t\t\t<img decoding=\"async\" width=\"399\" height=\"400\" src=\"https:\/\/jartech.elblag.pl\/wp-content\/uploads\/2024\/03\/podajnik-system-usuwania-scierniwa.webp\" class=\"attachment-full size-full wp-image-1149\" alt=\"\" srcset=\"https:\/\/jartech.elblag.pl\/wp-content\/uploads\/2024\/03\/podajnik-system-usuwania-scierniwa.webp 399w, https:\/\/jartech.elblag.pl\/wp-content\/uploads\/2024\/03\/podajnik-system-usuwania-scierniwa-300x300.webp 300w, https:\/\/jartech.elblag.pl\/wp-content\/uploads\/2024\/03\/podajnik-system-usuwania-scierniwa-100x100.webp 100w, https:\/\/jartech.elblag.pl\/wp-content\/uploads\/2024\/03\/podajnik-system-usuwania-scierniwa-64x64.webp 64w, https:\/\/jartech.elblag.pl\/wp-content\/uploads\/2024\/03\/podajnik-system-usuwania-scierniwa-150x150.webp 150w\" sizes=\"(max-width: 399px) 100vw, 399px\" \/>\t\t\t\t\t\t\t\t\t\t\t\t\t\t\t<\/div>\n\t\t\t\t<\/div>\n\t\t\t\t\t<\/div>\n\t\t\t\t<\/div>\n\t\t<div class=\"elementor-element elementor-element-40a7bca e-flex e-con-boxed wpr-particle-no wpr-jarallax-no wpr-parallax-no wpr-sticky-section-no elementor-invisible e-con e-child\" data-id=\"40a7bca\" data-element_type=\"container\" data-settings=\"{&quot;animation&quot;:&quot;fadeInRight&quot;}\">\n\t\t\t\t\t<div class=\"e-con-inner\">\n\t\t\t\t<div class=\"elementor-element elementor-element-4d4da6a text-gradient elementor-widget elementor-widget-heading\" data-id=\"4d4da6a\" data-element_type=\"widget\" data-widget_type=\"heading.default\">\n\t\t\t\t<div class=\"elementor-widget-container\">\n\t\t\t\t\t<p class=\"elementor-heading-title elementor-size-default\">Abrasive removal<\/p>\t\t\t\t<\/div>\n\t\t\t\t<\/div>\n\t\t\t\t<div class=\"elementor-element elementor-element-ef5a75c elementor-widget elementor-widget-heading\" data-id=\"ef5a75c\" data-element_type=\"widget\" data-widget_type=\"heading.default\">\n\t\t\t\t<div class=\"elementor-widget-container\">\n\t\t\t\t\t<h2 class=\"elementor-heading-title elementor-size-default\">Abrasive removal system<\/h2>\t\t\t\t<\/div>\n\t\t\t\t<\/div>\n\t\t\t\t<div class=\"elementor-element elementor-element-2b2e291 elementor-widget elementor-widget-text-editor\" data-id=\"2b2e291\" data-element_type=\"widget\" data-widget_type=\"text-editor.default\">\n\t\t\t\t<div class=\"elementor-widget-container\">\n\t\t\t\t\t\t\t\t\t<p>A Polish system consisting of a device and a suction-pressure installation for automatic removal of used abrasive from the Waterjet machine tool tank. The advantage of the device is its suction capacity of used abrasive up to 1 ton per hour.<\/p>\t\t\t\t\t\t\t\t<\/div>\n\t\t\t\t<\/div>\n\t\t\t\t<div class=\"elementor-element elementor-element-ee86405 elementor-tablet-align-justify elementor-mobile-align-justify elementor-widget-tablet__width-inherit elementor-widget elementor-widget-button\" data-id=\"ee86405\" data-element_type=\"widget\" data-widget_type=\"button.default\">\n\t\t\t\t<div class=\"elementor-widget-container\">\n\t\t\t\t\t\t\t\t\t<div class=\"elementor-button-wrapper\">\n\t\t\t\t\t<a class=\"elementor-button elementor-button-link elementor-size-sm\" href=\"https:\/\/jartech.elblag.pl\/kontakt\/\">\n\t\t\t\t\t\t<span class=\"elementor-button-content-wrapper\">\n\t\t\t\t\t\t\t\t\t<span class=\"elementor-button-text\">Ask for an offer<\/span>\n\t\t\t\t\t<\/span>\n\t\t\t\t\t<\/a>\n\t\t\t\t<\/div>\n\t\t\t\t\t\t\t\t<\/div>\n\t\t\t\t<\/div>\n\t\t\t\t\t<\/div>\n\t\t\t\t<\/div>\n\t\t<div class=\"elementor-element elementor-element-ef7abc5 elementor-hidden-desktop elementor-hidden-laptop elementor-hidden-tablet e-flex e-con-boxed wpr-particle-no wpr-jarallax-no wpr-parallax-no wpr-sticky-section-no e-con e-child\" data-id=\"ef7abc5\" data-element_type=\"container\">\n\t\t\t\t\t<div class=\"e-con-inner\">\n\t\t\t\t<div class=\"elementor-element elementor-element-bda7537 elementor-widget elementor-widget-image\" data-id=\"bda7537\" data-element_type=\"widget\" data-widget_type=\"image.default\">\n\t\t\t\t<div class=\"elementor-widget-container\">\n\t\t\t\t\t\t\t\t\t\t\t\t\t\t\t<img decoding=\"async\" width=\"399\" height=\"400\" src=\"https:\/\/jartech.elblag.pl\/wp-content\/uploads\/2024\/03\/podajnik-system-usuwania-scierniwa.webp\" class=\"attachment-full size-full wp-image-1149\" alt=\"\" srcset=\"https:\/\/jartech.elblag.pl\/wp-content\/uploads\/2024\/03\/podajnik-system-usuwania-scierniwa.webp 399w, https:\/\/jartech.elblag.pl\/wp-content\/uploads\/2024\/03\/podajnik-system-usuwania-scierniwa-300x300.webp 300w, https:\/\/jartech.elblag.pl\/wp-content\/uploads\/2024\/03\/podajnik-system-usuwania-scierniwa-100x100.webp 100w, https:\/\/jartech.elblag.pl\/wp-content\/uploads\/2024\/03\/podajnik-system-usuwania-scierniwa-64x64.webp 64w, https:\/\/jartech.elblag.pl\/wp-content\/uploads\/2024\/03\/podajnik-system-usuwania-scierniwa-150x150.webp 150w\" sizes=\"(max-width: 399px) 100vw, 399px\" \/>\t\t\t\t\t\t\t\t\t\t\t\t\t\t\t<\/div>\n\t\t\t\t<\/div>\n\t\t\t\t\t<\/div>\n\t\t\t\t<\/div>\n\t\t\t\t\t<\/div>\n\t\t\t\t<\/div>\n\t\t<div class=\"elementor-element elementor-element-572376d e-flex e-con-boxed wpr-particle-no wpr-jarallax-no wpr-parallax-no wpr-sticky-section-no e-con e-parent\" data-id=\"572376d\" data-element_type=\"container\" data-settings=\"{&quot;background_background&quot;:&quot;classic&quot;}\">\n\t\t\t\t\t<div class=\"e-con-inner\">\n\t\t<div class=\"elementor-element elementor-element-1f1c814 elementor-hidden-mobile e-flex e-con-boxed wpr-particle-no wpr-jarallax-no wpr-parallax-no wpr-sticky-section-no elementor-invisible e-con e-child\" data-id=\"1f1c814\" data-element_type=\"container\" data-settings=\"{&quot;animation&quot;:&quot;fadeInLeft&quot;}\">\n\t\t\t\t\t<div class=\"e-con-inner\">\n\t\t\t\t<div class=\"elementor-element elementor-element-7e365a6 elementor-widget elementor-widget-image\" data-id=\"7e365a6\" data-element_type=\"widget\" data-widget_type=\"image.default\">\n\t\t\t\t<div class=\"elementor-widget-container\">\n\t\t\t\t\t\t\t\t\t\t\t\t\t\t\t<img decoding=\"async\" width=\"298\" height=\"405\" src=\"https:\/\/jartech.elblag.pl\/wp-content\/uploads\/2024\/03\/podajnik-system-podawania-scierniwa.webp\" class=\"attachment-full size-full wp-image-1150\" alt=\"\" srcset=\"https:\/\/jartech.elblag.pl\/wp-content\/uploads\/2024\/03\/podajnik-system-podawania-scierniwa.webp 298w, https:\/\/jartech.elblag.pl\/wp-content\/uploads\/2024\/03\/podajnik-system-podawania-scierniwa-64x87.webp 64w, https:\/\/jartech.elblag.pl\/wp-content\/uploads\/2024\/03\/podajnik-system-podawania-scierniwa-221x300.webp 221w\" sizes=\"(max-width: 298px) 100vw, 298px\" \/>\t\t\t\t\t\t\t\t\t\t\t\t\t\t\t<\/div>\n\t\t\t\t<\/div>\n\t\t\t\t\t<\/div>\n\t\t\t\t<\/div>\n\t\t<div class=\"elementor-element elementor-element-4420864 e-flex e-con-boxed wpr-particle-no wpr-jarallax-no wpr-parallax-no wpr-sticky-section-no elementor-invisible e-con e-child\" data-id=\"4420864\" data-element_type=\"container\" data-settings=\"{&quot;animation&quot;:&quot;fadeInRight&quot;}\">\n\t\t\t\t\t<div class=\"e-con-inner\">\n\t\t\t\t<div class=\"elementor-element elementor-element-4be63ae text-gradient elementor-widget elementor-widget-heading\" data-id=\"4be63ae\" data-element_type=\"widget\" data-widget_type=\"heading.default\">\n\t\t\t\t<div class=\"elementor-widget-container\">\n\t\t\t\t\t<p class=\"elementor-heading-title elementor-size-default\">Abrasive feeder<\/p>\t\t\t\t<\/div>\n\t\t\t\t<\/div>\n\t\t\t\t<div class=\"elementor-element elementor-element-1c323c2 elementor-widget elementor-widget-heading\" data-id=\"1c323c2\" data-element_type=\"widget\" data-widget_type=\"heading.default\">\n\t\t\t\t<div class=\"elementor-widget-container\">\n\t\t\t\t\t<h2 class=\"elementor-heading-title elementor-size-default\">Abrasive feeding system 300kg<\/h2>\t\t\t\t<\/div>\n\t\t\t\t<\/div>\n\t\t\t\t<div class=\"elementor-element elementor-element-7364dc4 elementor-widget elementor-widget-text-editor\" data-id=\"7364dc4\" data-element_type=\"widget\" data-widget_type=\"text-editor.default\">\n\t\t\t\t<div class=\"elementor-widget-container\">\n\t\t\t\t\t\t\t\t\t<p>The device is designed for automatic and continuous feeding of abrasive to Waterjet machine tools. The small dimensions of the feeder with a capacity of 300 kg of abrasive charging result in<br \/>that it will fit wherever there are problems with the surface of the room where the machine tool is located. It is adapted to be moved with a forklift. Interested?<\/p>\t\t\t\t\t\t\t\t<\/div>\n\t\t\t\t<\/div>\n\t\t\t\t<div class=\"elementor-element elementor-element-6ffe8c0 elementor-tablet-align-justify elementor-mobile-align-justify elementor-widget-tablet__width-inherit elementor-widget elementor-widget-button\" data-id=\"6ffe8c0\" data-element_type=\"widget\" data-widget_type=\"button.default\">\n\t\t\t\t<div class=\"elementor-widget-container\">\n\t\t\t\t\t\t\t\t\t<div class=\"elementor-button-wrapper\">\n\t\t\t\t\t<a class=\"elementor-button elementor-button-link elementor-size-sm\" href=\"https:\/\/jartech.elblag.pl\/kontakt\/\">\n\t\t\t\t\t\t<span class=\"elementor-button-content-wrapper\">\n\t\t\t\t\t\t\t\t\t<span class=\"elementor-button-text\">Ask for an offer<\/span>\n\t\t\t\t\t<\/span>\n\t\t\t\t\t<\/a>\n\t\t\t\t<\/div>\n\t\t\t\t\t\t\t\t<\/div>\n\t\t\t\t<\/div>\n\t\t\t\t\t<\/div>\n\t\t\t\t<\/div>\n\t\t<div class=\"elementor-element elementor-element-53cc629 elementor-hidden-desktop elementor-hidden-laptop elementor-hidden-tablet e-flex e-con-boxed wpr-particle-no wpr-jarallax-no wpr-parallax-no wpr-sticky-section-no e-con e-child\" data-id=\"53cc629\" data-element_type=\"container\">\n\t\t\t\t\t<div class=\"e-con-inner\">\n\t\t\t\t<div class=\"elementor-element elementor-element-be03bf0 elementor-widget elementor-widget-image\" data-id=\"be03bf0\" data-element_type=\"widget\" data-widget_type=\"image.default\">\n\t\t\t\t<div class=\"elementor-widget-container\">\n\t\t\t\t\t\t\t\t\t\t\t\t\t\t\t<img decoding=\"async\" width=\"298\" height=\"405\" src=\"https:\/\/jartech.elblag.pl\/wp-content\/uploads\/2024\/03\/podajnik-system-podawania-scierniwa.webp\" class=\"attachment-full size-full wp-image-1150\" alt=\"\" srcset=\"https:\/\/jartech.elblag.pl\/wp-content\/uploads\/2024\/03\/podajnik-system-podawania-scierniwa.webp 298w, https:\/\/jartech.elblag.pl\/wp-content\/uploads\/2024\/03\/podajnik-system-podawania-scierniwa-64x87.webp 64w, https:\/\/jartech.elblag.pl\/wp-content\/uploads\/2024\/03\/podajnik-system-podawania-scierniwa-221x300.webp 221w\" sizes=\"(max-width: 298px) 100vw, 298px\" \/>\t\t\t\t\t\t\t\t\t\t\t\t\t\t\t<\/div>\n\t\t\t\t<\/div>\n\t\t\t\t\t<\/div>\n\t\t\t\t<\/div>\n\t\t\t\t\t<\/div>\n\t\t\t\t<\/div>\n\t\t<div class=\"elementor-element elementor-element-7d08fa6 e-flex e-con-boxed wpr-particle-no wpr-jarallax-no wpr-parallax-no wpr-sticky-section-no e-con e-parent\" data-id=\"7d08fa6\" data-element_type=\"container\" data-settings=\"{&quot;background_background&quot;:&quot;classic&quot;}\">\n\t\t\t\t\t<div class=\"e-con-inner\">\n\t\t<div class=\"elementor-element elementor-element-249d416 elementor-hidden-mobile e-flex e-con-boxed wpr-particle-no wpr-jarallax-no wpr-parallax-no wpr-sticky-section-no elementor-invisible e-con e-child\" data-id=\"249d416\" data-element_type=\"container\" data-settings=\"{&quot;animation&quot;:&quot;fadeInLeft&quot;}\">\n\t\t\t\t\t<div class=\"e-con-inner\">\n\t\t\t\t<div class=\"elementor-element elementor-element-a676e1f elementor-widget elementor-widget-image\" data-id=\"a676e1f\" data-element_type=\"widget\" data-widget_type=\"image.default\">\n\t\t\t\t<div class=\"elementor-widget-container\">\n\t\t\t\t\t\t\t\t\t\t\t\t\t\t\t<img loading=\"lazy\" decoding=\"async\" width=\"366\" height=\"600\" src=\"https:\/\/jartech.elblag.pl\/wp-content\/uploads\/2024\/03\/podajnik-podawanie-scierniwa-1000.webp\" class=\"attachment-full size-full wp-image-1151\" alt=\"\" srcset=\"https:\/\/jartech.elblag.pl\/wp-content\/uploads\/2024\/03\/podajnik-podawanie-scierniwa-1000.webp 366w, https:\/\/jartech.elblag.pl\/wp-content\/uploads\/2024\/03\/podajnik-podawanie-scierniwa-1000-300x492.webp 300w, https:\/\/jartech.elblag.pl\/wp-content\/uploads\/2024\/03\/podajnik-podawanie-scierniwa-1000-64x105.webp 64w, https:\/\/jartech.elblag.pl\/wp-content\/uploads\/2024\/03\/podajnik-podawanie-scierniwa-1000-183x300.webp 183w\" sizes=\"(max-width: 366px) 100vw, 366px\" \/>\t\t\t\t\t\t\t\t\t\t\t\t\t\t\t<\/div>\n\t\t\t\t<\/div>\n\t\t\t\t\t<\/div>\n\t\t\t\t<\/div>\n\t\t<div class=\"elementor-element elementor-element-643fdfc e-flex e-con-boxed wpr-particle-no wpr-jarallax-no wpr-parallax-no wpr-sticky-section-no elementor-invisible e-con e-child\" data-id=\"643fdfc\" data-element_type=\"container\" data-settings=\"{&quot;animation&quot;:&quot;fadeInRight&quot;}\">\n\t\t\t\t\t<div class=\"e-con-inner\">\n\t\t\t\t<div class=\"elementor-element elementor-element-58ecef3 text-gradient elementor-widget elementor-widget-heading\" data-id=\"58ecef3\" data-element_type=\"widget\" data-widget_type=\"heading.default\">\n\t\t\t\t<div class=\"elementor-widget-container\">\n\t\t\t\t\t<p class=\"elementor-heading-title elementor-size-default\">Abrasive feeder<\/p>\t\t\t\t<\/div>\n\t\t\t\t<\/div>\n\t\t\t\t<div class=\"elementor-element elementor-element-797b5c8 elementor-widget elementor-widget-heading\" data-id=\"797b5c8\" data-element_type=\"widget\" data-widget_type=\"heading.default\">\n\t\t\t\t<div class=\"elementor-widget-container\">\n\t\t\t\t\t<h2 class=\"elementor-heading-title elementor-size-default\">Abrasive feeding system 1000kg<\/h2>\t\t\t\t<\/div>\n\t\t\t\t<\/div>\n\t\t\t\t<div class=\"elementor-element elementor-element-3539102 elementor-widget elementor-widget-text-editor\" data-id=\"3539102\" data-element_type=\"widget\" data-widget_type=\"text-editor.default\">\n\t\t\t\t<div class=\"elementor-widget-container\">\n\t\t\t\t\t\t\t\t\t<p>The device is designed for automatic and continuous feeding of abrasive to Waterjet machine tools. The device is equipped with a pneumatic installation enabling<br \/>smooth regulation of supporting the transport of abrasive grains to the machine tool using compressed air by using an additional pneumatic cable. This enables effective feeding of abrasive to a machine tool located at a considerable distance from the feeder or to several machines at the same time. The advantage of this feeder is its hopper with increased capacity. Thanks to this solution, we reduce the operating costs of the waterjet machine by purchasing cheaper abrasive in BIG-BAG packaging (1000 kg).<\/p>\t\t\t\t\t\t\t\t<\/div>\n\t\t\t\t<\/div>\n\t\t\t\t<div class=\"elementor-element elementor-element-6057ea5 elementor-tablet-align-justify elementor-mobile-align-justify elementor-widget-tablet__width-inherit elementor-widget elementor-widget-button\" data-id=\"6057ea5\" data-element_type=\"widget\" data-widget_type=\"button.default\">\n\t\t\t\t<div class=\"elementor-widget-container\">\n\t\t\t\t\t\t\t\t\t<div class=\"elementor-button-wrapper\">\n\t\t\t\t\t<a class=\"elementor-button elementor-button-link elementor-size-sm\" href=\"https:\/\/jartech.elblag.pl\/kontakt\/\">\n\t\t\t\t\t\t<span class=\"elementor-button-content-wrapper\">\n\t\t\t\t\t\t\t\t\t<span class=\"elementor-button-text\">Ask for an offer<\/span>\n\t\t\t\t\t<\/span>\n\t\t\t\t\t<\/a>\n\t\t\t\t<\/div>\n\t\t\t\t\t\t\t\t<\/div>\n\t\t\t\t<\/div>\n\t\t\t\t\t<\/div>\n\t\t\t\t<\/div>\n\t\t<div class=\"elementor-element elementor-element-94dde98 elementor-hidden-desktop elementor-hidden-laptop elementor-hidden-tablet e-flex e-con-boxed wpr-particle-no wpr-jarallax-no wpr-parallax-no wpr-sticky-section-no e-con e-child\" data-id=\"94dde98\" data-element_type=\"container\">\n\t\t\t\t\t<div class=\"e-con-inner\">\n\t\t\t\t<div class=\"elementor-element elementor-element-1c5dd3d elementor-widget elementor-widget-image\" data-id=\"1c5dd3d\" data-element_type=\"widget\" data-widget_type=\"image.default\">\n\t\t\t\t<div class=\"elementor-widget-container\">\n\t\t\t\t\t\t\t\t\t\t\t\t\t\t\t<img loading=\"lazy\" decoding=\"async\" width=\"366\" height=\"600\" src=\"https:\/\/jartech.elblag.pl\/wp-content\/uploads\/2024\/03\/podajnik-podawanie-scierniwa-1000.webp\" class=\"attachment-full size-full wp-image-1151\" alt=\"\" srcset=\"https:\/\/jartech.elblag.pl\/wp-content\/uploads\/2024\/03\/podajnik-podawanie-scierniwa-1000.webp 366w, https:\/\/jartech.elblag.pl\/wp-content\/uploads\/2024\/03\/podajnik-podawanie-scierniwa-1000-300x492.webp 300w, https:\/\/jartech.elblag.pl\/wp-content\/uploads\/2024\/03\/podajnik-podawanie-scierniwa-1000-64x105.webp 64w, https:\/\/jartech.elblag.pl\/wp-content\/uploads\/2024\/03\/podajnik-podawanie-scierniwa-1000-183x300.webp 183w\" sizes=\"(max-width: 366px) 100vw, 366px\" \/>\t\t\t\t\t\t\t\t\t\t\t\t\t\t\t<\/div>\n\t\t\t\t<\/div>\n\t\t\t\t\t<\/div>\n\t\t\t\t<\/div>\n\t\t\t\t\t<\/div>\n\t\t\t\t<\/div>\n\t\t\t\t<\/div>","protected":false},"excerpt":{"rendered":"<p>Podajniki i systemy usuwania \u015bcierniwa Podczas regularnej pracy obrabiarki waterjet z up\u0142ywem czasu mo\u017ce naturalnie wyst\u0105pi\u0107 potrzeba modernizacji lub wymiany urz\u0105dze\u0144 wsp\u00f3\u0142pracuj\u0105cych z maszyn\u0105. W tym zakresie oferujemy sprzeda\u017c, instalacj\u0119, przeszkolenie oraz obs\u0142ug\u0119 pogwarancyjn\u0105 na poni\u017csze urz\u0105dzenia. Usuwanie \u015bcierniwa System usuwania \u015bcierniwa Polski system sk\u0142adaj\u0105cy si\u0119 z urz\u0105dzenia oraz instalacji ss\u0105co-t\u0142ocznej s\u0142u\u017c\u0105cy do automatycznego usuwania zu\u017cytego \u015bcierniwa ze zbiornika obrabiarki Waterjet. Zalet\u0105 urz\u0105dzenia jest jego wydajno\u015b\u0107 odsysania zu\u017cytego \u015bcierniwa si\u0119gaj\u0105ca 1\u00a0tony na godzin\u0119. Zapytaj o ofert\u0119 Podajnik \u015bcierniwa System podawania \u015bcierniwa 300kg Urz\u0105dzenie przeznaczone jest do automatycznego i ci\u0105g\u0142ego podawania \u015bcierniwa do obrabiarek Waterjet. Ma\u0142e wymiary podajnika o pojemno\u015bci 300 kg zasypu \u015bcierniwa powoduj\u0105,\u017ce zmie\u015bci si\u0119 wsz\u0119dzie tam gdzie s\u0105 problemy z powierzchni\u0105 pomieszczenia, w kt\u00f3rym znajduje si\u0119 obrabiarka. Przystosowany jest do przenoszenia w\u00f3zkiem wid\u0142owym. Zainteresowany? Zapytaj o ofert\u0119 Podajnik \u015bcierniwa System podawania \u015bcierniwa 1000kg Urz\u0105dzenie przeznaczone jest do automatycznego i ci\u0105g\u0142ego podawania \u015bcierniwa do obrabiarek Waterjet. Urz\u0105dzenie wyposa\u017cone jest w instalacj\u0119 pneumatyczn\u0105 umo\u017cliwiaj\u0105c\u0105p\u0142ynn\u0105 regulacj\u0119 wspomagania transportu ziaren \u015bciernych do obrabiarki z wykorzystaniem spr\u0119\u017conego powietrza poprzez zastosowanie dodatkowego przewodu pneumatycznego. Umo\u017cliwia to skuteczne podawanie \u015bcierniwa do obrabiarki zlokalizowanej w znacznej odleg\u0142o\u015bci od podajnika lub do kilku obrabiarek jednocze\u015bnie. Zalet\u0105 tego podajnika jest jego zbiornik zasypowy o zwi\u0119kszonej pojemno\u015bci. Dzi\u0119ki takiemu rozwi\u0105zaniu obni\u017camy koszty eksploatacji maszyny waterjet po przez mo\u017cliwo\u015b\u0107 zakupu ta\u0144szego \u015bcierniwa w opakowaniach BIG-BAG (1000 kg). Zapytaj o ofert\u0119<\/p>","protected":false},"author":4,"featured_media":0,"parent":1043,"menu_order":0,"comment_status":"closed","ping_status":"closed","template":"elementor_header_footer","meta":{"_acf_changed":false,"footnotes":""},"class_list":["post-1135","page","type-page","status-publish","hentry"],"acf":[],"_links":{"self":[{"href":"https:\/\/jartech.elblag.pl\/en\/wp-json\/wp\/v2\/pages\/1135","targetHints":{"allow":["GET"]}}],"collection":[{"href":"https:\/\/jartech.elblag.pl\/en\/wp-json\/wp\/v2\/pages"}],"about":[{"href":"https:\/\/jartech.elblag.pl\/en\/wp-json\/wp\/v2\/types\/page"}],"author":[{"embeddable":true,"href":"https:\/\/jartech.elblag.pl\/en\/wp-json\/wp\/v2\/users\/4"}],"replies":[{"embeddable":true,"href":"https:\/\/jartech.elblag.pl\/en\/wp-json\/wp\/v2\/comments?post=1135"}],"version-history":[{"count":56,"href":"https:\/\/jartech.elblag.pl\/en\/wp-json\/wp\/v2\/pages\/1135\/revisions"}],"predecessor-version":[{"id":2597,"href":"https:\/\/jartech.elblag.pl\/en\/wp-json\/wp\/v2\/pages\/1135\/revisions\/2597"}],"up":[{"embeddable":true,"href":"https:\/\/jartech.elblag.pl\/en\/wp-json\/wp\/v2\/pages\/1043"}],"wp:attachment":[{"href":"https:\/\/jartech.elblag.pl\/en\/wp-json\/wp\/v2\/media?parent=1135"}],"curies":[{"name":"wp","href":"https:\/\/api.w.org\/{rel}","templated":true}]}}